{"id":8296,"date":"2023-06-07T19:16:34","date_gmt":"2023-06-07T17:16:34","guid":{"rendered":"https:\/\/www.visitcampania.info\/blog\/"},"modified":"2025-03-19T16:50:00","modified_gmt":"2025-03-19T15:50:00","slug":"blog","status":"publish","type":"page","link":"https:\/\/www.visitcampania.info\/de\/blog\/","title":{"rendered":"Blog"},"content":{"rendered":"\t\t<div data-elementor-type=\"wp-page\" data-elementor-id=\"8296\" class=\"elementor elementor-8296 elementor-92\" data-elementor-post-type=\"page\">\n\t\t\t\t\t\t<section data-dce-background-image-url=\"https:\/\/www.visitcampania.info\/wp-content\/uploads\/2022\/12\/blog_slider_2.jpg\" class=\"elementor-section elementor-top-section elementor-element elementor-element-f3dde38 elementor-section-height-min-height elementor-section-boxed elementor-section-height-default elementor-section-items-middle\" data-id=\"f3dde38\" data-element_type=\"section\" data-e-type=\"section\" data-settings=\"{&quot;background_background&quot;:&quot;classic&quot;}\">\n\t\t\t\t\t\t<div class=\"elementor-container elementor-column-gap-default\">\n\t\t\t\t\t<div class=\"elementor-column elementor-col-100 elementor-top-column elementor-element elementor-element-7dad6fa\" data-id=\"7dad6fa\" data-element_type=\"column\" data-e-type=\"column\" data-settings=\"{&quot;background_background&quot;:&quot;classic&quot;}\">\n\t\t\t<div class=\"elementor-widget-wrap elementor-element-populated\">\n\t\t\t\t\t<div class=\"elementor-background-overlay\"><\/div>\n\t\t\t\t\t\t<div class=\"elementor-element elementor-element-fc3fda9 elementor-widget elementor-widget-heading\" data-id=\"fc3fda9\" data-element_type=\"widget\" data-e-type=\"widget\" data-widget_type=\"heading.default\">\n\t\t\t\t<div class=\"elementor-widget-container\">\n\t\t\t\t\t<h1 class=\"elementor-heading-title elementor-size-default\">Der Blog<\/h1>\t\t\t\t<\/div>\n\t\t\t\t<\/div>\n\t\t\t\t\t<\/div>\n\t\t<\/div>\n\t\t\t\t\t<\/div>\n\t\t<\/section>\n\t\t\t\t<section class=\"elementor-section elementor-top-section elementor-element elementor-element-ca85960 elementor-section-boxed elementor-section-height-default elementor-section-height-default\" data-id=\"ca85960\" data-element_type=\"section\" data-e-type=\"section\">\n\t\t\t\t\t\t<div class=\"elementor-container elementor-column-gap-default\">\n\t\t\t\t\t<div class=\"elementor-column elementor-col-100 elementor-top-column elementor-element elementor-element-7090388\" data-id=\"7090388\" data-element_type=\"column\" data-e-type=\"column\">\n\t\t\t<div class=\"elementor-widget-wrap elementor-element-populated\">\n\t\t\t\t\t\t<div class=\"elementor-element elementor-element-123e56d elementor-widget elementor-widget-breadcrumbs\" data-id=\"123e56d\" data-element_type=\"widget\" data-e-type=\"widget\" data-widget_type=\"breadcrumbs.default\">\n\t\t\t\t<div class=\"elementor-widget-container\">\n\t\t\t\t\t<p id=\"breadcrumbs\"><span><span><a href=\"https:\/\/www.visitcampania.info\/de\/heim\/\">Home<\/a><\/span><\/span><\/p>\t\t\t\t<\/div>\n\t\t\t\t<\/div>\n\t\t\t\t\t<\/div>\n\t\t<\/div>\n\t\t\t\t\t<\/div>\n\t\t<\/section>\n\t\t\t\t<section class=\"elementor-section elementor-top-section elementor-element elementor-element-7fcafd6 elementor-section-boxed elementor-section-height-default elementor-section-height-default\" data-id=\"7fcafd6\" data-element_type=\"section\" data-e-type=\"section\">\n\t\t\t\t\t\t<div class=\"elementor-container elementor-column-gap-default\">\n\t\t\t\t\t<div class=\"elementor-column elementor-col-100 elementor-top-column elementor-element elementor-element-533d1c4\" data-id=\"533d1c4\" data-element_type=\"column\" data-e-type=\"column\">\n\t\t\t<div class=\"elementor-widget-wrap elementor-element-populated\">\n\t\t\t\t\t\t<div class=\"elementor-element elementor-element-4433fc2 elementor-widget elementor-widget-text-editor\" data-id=\"4433fc2\" data-element_type=\"widget\" data-e-type=\"widget\" data-widget_type=\"text-editor.default\">\n\t\t\t\t<div class=\"elementor-widget-container\">\n\t\t\t\t\t\t\t\t\t<h1>Willkommen auf dem Visitcampania.info Travel Blog<\/h1><p>In diesem Reiseblog finden Sie Artikel, sortiert nach den neuesten, die sich auf unsere Reiseerlebnisse in Kampanien beziehen.<\/p><p>Egal, ob Sie sich f\u00fcr einen Sonntagsausflug mit der Familie oder ein Fotoshooting an bestimmten Orten und Umst\u00e4nden interessieren, unser Ziel ist immer dasselbe. <strong>Stimulieren Sie Anregungen<\/strong> f\u00fcr neue Erfahrungen und f\u00fchren Sie zur Entdeckung unseres fantastischen Territoriums.<\/p>\t\t\t\t\t\t\t\t<\/div>\n\t\t\t\t<\/div>\n\t\t\t\t\t<\/div>\n\t\t<\/div>\n\t\t\t\t\t<\/div>\n\t\t<\/section>\n\t\t\t\t<section class=\"elementor-section elementor-top-section elementor-element elementor-element-e77173d elementor-section-boxed elementor-section-height-default elementor-section-height-default\" data-id=\"e77173d\" data-element_type=\"section\" data-e-type=\"section\">\n\t\t\t\t\t\t<div class=\"elementor-container elementor-column-gap-default\">\n\t\t\t\t\t<div class=\"elementor-column elementor-col-100 elementor-top-column elementor-element elementor-element-0b21f83\" data-id=\"0b21f83\" data-element_type=\"column\" data-e-type=\"column\">\n\t\t\t<div class=\"elementor-widget-wrap elementor-element-populated\">\n\t\t\t\t\t\t<div class=\"elementor-element elementor-element-6c202fb elementor-widget-divider--view-line elementor-widget elementor-widget-divider\" data-id=\"6c202fb\" data-element_type=\"widget\" data-e-type=\"widget\" data-widget_type=\"divider.default\">\n\t\t\t\t<div class=\"elementor-widget-container\">\n\t\t\t\t\t\t\t<div class=\"elementor-divider\">\n\t\t\t<span class=\"elementor-divider-separator\">\n\t\t\t\t\t\t<\/span>\n\t\t<\/div>\n\t\t\t\t\t\t<\/div>\n\t\t\t\t<\/div>\n\t\t\t\t<div class=\"elementor-element elementor-element-d4b0fb1 dce-col-tablet-4 dce-posts-layout-float dce-col-4 dce-col-mobile-1 dce-align-left elementor-widget elementor-widget-dce-dynamicposts-v2\" data-id=\"d4b0fb1\" data-element_type=\"widget\" data-e-type=\"widget\" data-settings=\"{&quot;grid_filters_grid_type&quot;:&quot;blog&quot;,&quot;style_items&quot;:&quot;float&quot;,&quot;grid_filters_all_filter&quot;:&quot;yes&quot;,&quot;grid_filters_all_default&quot;:&quot;yes&quot;}\" data-widget_type=\"dce-dynamicposts-v2.grid-filters\">\n\t\t\t\t<div class=\"elementor-widget-container\">\n\t\t\t\t\t\n\t\t<div class=\"dce-fix-background-loop dce-posts-container dce-posts dce-dynamic-posts-collection  dce-grid-filters-container dce-skin-grid-filters dce-skin-grid dce-skin-grid-blog\">\n\t\t\t<div class=\"dce-filters align-left\"><span class=\"filters-item filter-active\"><a href=\"#\" data-filter=\"*\">Jeder<\/a><\/span><span class=\"filters-separator\"> \/ <\/span><span class=\"filters-item\"><a href=\"#\" data-e-disable-page-transition=\"false\" data-filter=\".category-andere\">Andere<\/a><\/span><span class=\"filters-separator\"> \/ <\/span><span class=\"filters-item\"><a href=\"#\" data-e-disable-page-transition=\"false\" data-filter=\".category-kulturell\">Kulturell<\/a><\/span><\/select><\/div>\t\t\t<div class=\"dce-posts-wrapper dce-grid-filters-wrapper dce-wrapper-grid-filters dce-wrapper-grid\">\n\t\t\t\n\t\t<article class=\"post-12129 post type-post status-publish format-standard has-post-thumbnail hentry category-andere tag-in-der-familie dce-post dce-post-item dce-item-filterable dce-grid-filters-item dce-item-grid-filters dce-item-grid\" data-dce-post-id=\"12129\" data-dce-post-index=\"0\">\n\t\t\t<div class=\"dce-post-block\">\n\t\t<div class=\"dce-image-area dce-item-area\"><div class=\"dce-item dce-item_image elementor-repeater-item-f2ebc2a\"><a class=\"dce-post-image\" href=\"https:\/\/www.visitcampania.info\/de\/scopri-la-campania-con-un-pass-la-guida-completa-ai-pass-turistici\/\"><figure  class=\"dce-img\"><img fetchpriority=\"high\" decoding=\"async\" width=\"800\" height=\"516\" src=\"https:\/\/www.visitcampania.info\/wp-content\/uploads\/2025\/05\/BANNER_PASS_TURISTICI_SMALL-1024x661.jpg\" class=\"\" alt=\"Entdecken Sie Kampanien mit einem Pass: Der komplette Leitfaden zu Touristenp\u00e4ssen\" srcset=\"https:\/\/www.visitcampania.info\/wp-content\/uploads\/2025\/05\/BANNER_PASS_TURISTICI_SMALL-1024x661.jpg 1024w, https:\/\/www.visitcampania.info\/wp-content\/uploads\/2025\/05\/BANNER_PASS_TURISTICI_SMALL-300x194.jpg 300w, https:\/\/www.visitcampania.info\/wp-content\/uploads\/2025\/05\/BANNER_PASS_TURISTICI_SMALL-768x496.jpg 768w, https:\/\/www.visitcampania.info\/wp-content\/uploads\/2025\/05\/BANNER_PASS_TURISTICI_SMALL-1536x992.jpg 1536w, https:\/\/www.visitcampania.info\/wp-content\/uploads\/2025\/05\/BANNER_PASS_TURISTICI_SMALL.jpg 1920w\" sizes=\"(max-width: 800px) 100vw, 800px\" \/><\/figure><\/a><\/div><\/div><div class=\"dce-content-area dce-item-area\"><div class=\"dce-item dce-item_title elementor-repeater-item-8b13d71\"><h3 class=\"dce-post-title\"><a href=\"https:\/\/www.visitcampania.info\/de\/scopri-la-campania-con-un-pass-la-guida-completa-ai-pass-turistici\/\">Entdecken Sie Kampanien mit einem Pass: Der komplette Leitfaden zu Touristenp\u00e4ssen<\/a><\/h3><\/div><div class=\"dce-item dce-item_content elementor-repeater-item-043a3f3 elementor-hidden-mobile\"><div class=\"dce-post-content\">Eine Stadt zu entdecken bedeutet nicht nur, Sehensw\u00fcrdigkeiten zu besichtig&hellip;<\/div><\/div><\/div>\t\t\t<\/div>\n\t\t<\/article>\n\t\t\n\t\t<article class=\"post-10393 post type-post status-publish format-standard has-post-thumbnail hentry category-kulturell dce-post dce-post-item dce-item-filterable dce-grid-filters-item dce-item-grid-filters dce-item-grid\" data-dce-post-id=\"10393\" data-dce-post-index=\"1\">\n\t\t\t<div class=\"dce-post-block\">\n\t\t<div class=\"dce-image-area dce-item-area\"><div class=\"dce-item dce-item_image elementor-repeater-item-f2ebc2a\"><a class=\"dce-post-image\" href=\"https:\/\/www.visitcampania.info\/de\/grosse-dame-von-neapel\/\"><figure  class=\"dce-img\"><img decoding=\"async\" width=\"800\" height=\"363\" src=\"https:\/\/www.visitcampania.info\/wp-content\/uploads\/2024\/10\/1-Napoli-_di_Augusto_De_Luca-1024x464.jpg\" class=\"\" alt=\"Gro\u00dfe Dame von Neapel\" srcset=\"https:\/\/www.visitcampania.info\/wp-content\/uploads\/2024\/10\/1-Napoli-_di_Augusto_De_Luca-1024x464.jpg 1024w, https:\/\/www.visitcampania.info\/wp-content\/uploads\/2024\/10\/1-Napoli-_di_Augusto_De_Luca-300x136.jpg 300w, https:\/\/www.visitcampania.info\/wp-content\/uploads\/2024\/10\/1-Napoli-_di_Augusto_De_Luca-768x348.jpg 768w, https:\/\/www.visitcampania.info\/wp-content\/uploads\/2024\/10\/1-Napoli-_di_Augusto_De_Luca.jpg 1276w\" sizes=\"(max-width: 800px) 100vw, 800px\" \/><\/figure><\/a><\/div><\/div><div class=\"dce-content-area dce-item-area\"><div class=\"dce-item dce-item_title elementor-repeater-item-8b13d71\"><h3 class=\"dce-post-title\"><a href=\"https:\/\/www.visitcampania.info\/de\/grosse-dame-von-neapel\/\">Gro\u00dfe Dame von Neapel<\/a><\/h3><\/div><div class=\"dce-item dce-item_content elementor-repeater-item-043a3f3 elementor-hidden-mobile\"><div class=\"dce-post-content\">Ein Fotoprojekt, um den Geist Neapels zu entdecken\n\n\n\n\n\n\n\nDieses Fotoprojek&hellip;<\/div><\/div><\/div>\t\t\t<\/div>\n\t\t<\/article>\n\t\t\n\t\t<article class=\"post-8389 post type-post status-publish format-standard has-post-thumbnail hentry category-andere dce-post dce-post-item dce-item-filterable dce-grid-filters-item dce-item-grid-filters dce-item-grid\" data-dce-post-id=\"8389\" data-dce-post-index=\"2\">\n\t\t\t<div class=\"dce-post-block\">\n\t\t<div class=\"dce-image-area dce-item-area\"><div class=\"dce-item dce-item_image elementor-repeater-item-f2ebc2a\"><a class=\"dce-post-image\" href=\"https:\/\/www.visitcampania.info\/de\/ja-teil\/\"><figure  class=\"dce-img\"><img decoding=\"async\" width=\"800\" height=\"534\" src=\"https:\/\/www.visitcampania.info\/wp-content\/uploads\/2022\/12\/blog_si-parte_1-1024x683.jpg\" class=\"\" alt=\"Auf geht es\" srcset=\"https:\/\/www.visitcampania.info\/wp-content\/uploads\/2022\/12\/blog_si-parte_1-1024x683.jpg 1024w, https:\/\/www.visitcampania.info\/wp-content\/uploads\/2022\/12\/blog_si-parte_1-300x200.jpg 300w, https:\/\/www.visitcampania.info\/wp-content\/uploads\/2022\/12\/blog_si-parte_1-768x512.jpg 768w, https:\/\/www.visitcampania.info\/wp-content\/uploads\/2022\/12\/blog_si-parte_1-1536x1024.jpg 1536w, https:\/\/www.visitcampania.info\/wp-content\/uploads\/2022\/12\/blog_si-parte_1.jpg 1920w\" sizes=\"(max-width: 800px) 100vw, 800px\" \/><\/figure><\/a><\/div><\/div><div class=\"dce-content-area dce-item-area\"><div class=\"dce-item dce-item_title elementor-repeater-item-8b13d71\"><h3 class=\"dce-post-title\"><a href=\"https:\/\/www.visitcampania.info\/de\/ja-teil\/\">Auf geht es<\/a><\/h3><\/div><div class=\"dce-item dce-item_content elementor-repeater-item-043a3f3 elementor-hidden-mobile\"><div class=\"dce-post-content\">Beginnen Sie Ihre Reise der visitcampania.info\n\nUnd ja, los geht's. Tats\u00e4ch&hellip;<\/div><\/div><\/div>\t\t\t<\/div>\n\t\t<\/article>\n\t\t\t\t\t<\/div>\n\t\t\t\t\t<\/div>\n\t\t\t\t\t\t<\/div>\n\t\t\t\t<\/div>\n\t\t\t\t\t<\/div>\n\t\t<\/div>\n\t\t\t\t\t<\/div>\n\t\t<\/section>\n\t\t\t\t<\/div>\n\t\t","protected":false},"excerpt":{"rendered":"<p>Der Blog Willkommen auf dem Visitcampania.info Travel Blog In diesem Reiseblog finden Sie Artikel, sortiert nach den neuesten, die sich auf unsere Reiseerlebnisse in Kampanien beziehen. Egal, ob Sie sich f\u00fcr einen Sonntagsausflug mit der Familie oder ein Fotoshooting an bestimmten Orten und Umst\u00e4nden interessieren, unser Ziel ist immer dasselbe. Stimulieren Sie Anregungen f\u00fcr neue [&hellip;]<\/p>\n","protected":false},"author":1741,"featured_media":0,"parent":0,"menu_order":0,"comment_status":"closed","ping_status":"closed","template":"","meta":{"footnotes":""},"class_list":["post-8296","page","type-page","status-publish","hentry"],"yoast_head":"<!-- This site is optimized with the Yoast SEO plugin v27.5 - https:\/\/yoast.com\/product\/yoast-seo-wordpress\/ -->\n<title>Unser Reiseblog<\/title>\n<meta name=\"description\" content=\"Der visticampania.info Travel Blog ist eine Sammlung von Artikeln \u00fcber unsere Reiseerlebnisse in Kampanien.\" \/>\n<meta name=\"robots\" content=\"noindex, nofollow\" \/>\n<meta property=\"og:locale\" content=\"de_DE\" \/>\n<meta property=\"og:type\" content=\"article\" \/>\n<meta property=\"og:title\" content=\"Unser Reiseblog\" \/>\n<meta property=\"og:description\" content=\"Der visticampania.info Travel Blog ist eine Sammlung von Artikeln \u00fcber unsere Reiseerlebnisse in Kampanien.\" \/>\n<meta property=\"og:url\" content=\"https:\/\/www.visitcampania.info\/de\/blog\/\" \/>\n<meta property=\"og:site_name\" content=\"Visitcampania\" \/>\n<meta property=\"article:publisher\" content=\"https:\/\/www.facebook.com\/Visitcampaniainfo-106072171934565\/?ref=pages_you_manage\" \/>\n<meta property=\"article:modified_time\" content=\"2025-03-19T15:50:00+00:00\" \/>\n<meta property=\"og:image\" content=\"https:\/\/www.visitcampania.info\/wp-content\/uploads\/2024\/10\/1-Napoli-_di_Augusto_De_Luca-1024x464.jpg\" \/>\n<meta name=\"twitter:card\" content=\"summary_large_image\" \/>\n<meta name=\"twitter:site\" content=\"@visitcampania21\" \/>\n<script type=\"application\/ld+json\" class=\"yoast-schema-graph\">{\"@context\":\"https:\\\/\\\/schema.org\",\"@graph\":[{\"@type\":\"WebPage\",\"@id\":\"https:\\\/\\\/www.visitcampania.info\\\/de\\\/blog\\\/\",\"url\":\"https:\\\/\\\/www.visitcampania.info\\\/de\\\/blog\\\/\",\"name\":\"Unser Reiseblog\",\"isPartOf\":{\"@id\":\"https:\\\/\\\/www.visitcampania.info\\\/#website\"},\"primaryImageOfPage\":{\"@id\":\"https:\\\/\\\/www.visitcampania.info\\\/de\\\/blog\\\/#primaryimage\"},\"image\":{\"@id\":\"https:\\\/\\\/www.visitcampania.info\\\/de\\\/blog\\\/#primaryimage\"},\"thumbnailUrl\":\"https:\\\/\\\/www.visitcampania.info\\\/wp-content\\\/uploads\\\/2024\\\/10\\\/1-Napoli-_di_Augusto_De_Luca-1024x464.jpg\",\"datePublished\":\"2023-06-07T17:16:34+00:00\",\"dateModified\":\"2025-03-19T15:50:00+00:00\",\"description\":\"Der visticampania.info Travel Blog ist eine Sammlung von Artikeln \u00fcber unsere Reiseerlebnisse in Kampanien.\",\"breadcrumb\":{\"@id\":\"https:\\\/\\\/www.visitcampania.info\\\/de\\\/blog\\\/#breadcrumb\"},\"inLanguage\":\"de\",\"potentialAction\":[{\"@type\":\"ReadAction\",\"target\":[\"https:\\\/\\\/www.visitcampania.info\\\/de\\\/blog\\\/\"]}]},{\"@type\":\"ImageObject\",\"inLanguage\":\"de\",\"@id\":\"https:\\\/\\\/www.visitcampania.info\\\/de\\\/blog\\\/#primaryimage\",\"url\":\"https:\\\/\\\/www.visitcampania.info\\\/wp-content\\\/uploads\\\/2024\\\/10\\\/1-Napoli-_di_Augusto_De_Luca-1024x464.jpg\",\"contentUrl\":\"https:\\\/\\\/www.visitcampania.info\\\/wp-content\\\/uploads\\\/2024\\\/10\\\/1-Napoli-_di_Augusto_De_Luca-1024x464.jpg\"},{\"@type\":\"BreadcrumbList\",\"@id\":\"https:\\\/\\\/www.visitcampania.info\\\/de\\\/blog\\\/#breadcrumb\",\"itemListElement\":[{\"@type\":\"ListItem\",\"position\":1,\"name\":\"Home\",\"item\":\"https:\\\/\\\/www.visitcampania.info\\\/de\\\/heim\\\/\"},{\"@type\":\"ListItem\",\"position\":2,\"name\":\"Blog\"}]},{\"@type\":\"WebSite\",\"@id\":\"https:\\\/\\\/www.visitcampania.info\\\/#website\",\"url\":\"https:\\\/\\\/www.visitcampania.info\\\/\",\"name\":\"Visitcampania\",\"description\":\"Lasciati guidare\",\"publisher\":{\"@id\":\"https:\\\/\\\/www.visitcampania.info\\\/#organization\"},\"potentialAction\":[{\"@type\":\"SearchAction\",\"target\":{\"@type\":\"EntryPoint\",\"urlTemplate\":\"https:\\\/\\\/www.visitcampania.info\\\/?s={search_term_string}\"},\"query-input\":{\"@type\":\"PropertyValueSpecification\",\"valueRequired\":true,\"valueName\":\"search_term_string\"}}],\"inLanguage\":\"de\"},{\"@type\":\"Organization\",\"@id\":\"https:\\\/\\\/www.visitcampania.info\\\/#organization\",\"name\":\"visitcampania\",\"url\":\"https:\\\/\\\/www.visitcampania.info\\\/\",\"logo\":{\"@type\":\"ImageObject\",\"inLanguage\":\"de\",\"@id\":\"https:\\\/\\\/www.visitcampania.info\\\/#\\\/schema\\\/logo\\\/image\\\/\",\"url\":\"https:\\\/\\\/www.visitcampania.info\\\/wp-content\\\/uploads\\\/2022\\\/05\\\/visitcampania.info_-1.jpg\",\"contentUrl\":\"https:\\\/\\\/www.visitcampania.info\\\/wp-content\\\/uploads\\\/2022\\\/05\\\/visitcampania.info_-1.jpg\",\"width\":1618,\"height\":529,\"caption\":\"visitcampania\"},\"image\":{\"@id\":\"https:\\\/\\\/www.visitcampania.info\\\/#\\\/schema\\\/logo\\\/image\\\/\"},\"sameAs\":[\"https:\\\/\\\/www.facebook.com\\\/Visitcampaniainfo-106072171934565\\\/?ref=pages_you_manage\",\"https:\\\/\\\/x.com\\\/visitcampania21\"]}]}<\/script>\n<!-- \/ Yoast SEO plugin. -->","yoast_head_json":{"title":"Unser Reiseblog","description":"Der visticampania.info Travel Blog ist eine Sammlung von Artikeln \u00fcber unsere Reiseerlebnisse in Kampanien.","robots":{"index":"noindex","follow":"nofollow"},"og_locale":"de_DE","og_type":"article","og_title":"Unser Reiseblog","og_description":"Der visticampania.info Travel Blog ist eine Sammlung von Artikeln \u00fcber unsere Reiseerlebnisse in Kampanien.","og_url":"https:\/\/www.visitcampania.info\/de\/blog\/","og_site_name":"Visitcampania","article_publisher":"https:\/\/www.facebook.com\/Visitcampaniainfo-106072171934565\/?ref=pages_you_manage","article_modified_time":"2025-03-19T15:50:00+00:00","og_image":[{"url":"https:\/\/www.visitcampania.info\/wp-content\/uploads\/2024\/10\/1-Napoli-_di_Augusto_De_Luca-1024x464.jpg","type":"","width":"","height":""}],"twitter_card":"summary_large_image","twitter_site":"@visitcampania21","schema":{"@context":"https:\/\/schema.org","@graph":[{"@type":"WebPage","@id":"https:\/\/www.visitcampania.info\/de\/blog\/","url":"https:\/\/www.visitcampania.info\/de\/blog\/","name":"Unser Reiseblog","isPartOf":{"@id":"https:\/\/www.visitcampania.info\/#website"},"primaryImageOfPage":{"@id":"https:\/\/www.visitcampania.info\/de\/blog\/#primaryimage"},"image":{"@id":"https:\/\/www.visitcampania.info\/de\/blog\/#primaryimage"},"thumbnailUrl":"https:\/\/www.visitcampania.info\/wp-content\/uploads\/2024\/10\/1-Napoli-_di_Augusto_De_Luca-1024x464.jpg","datePublished":"2023-06-07T17:16:34+00:00","dateModified":"2025-03-19T15:50:00+00:00","description":"Der visticampania.info Travel Blog ist eine Sammlung von Artikeln \u00fcber unsere Reiseerlebnisse in Kampanien.","breadcrumb":{"@id":"https:\/\/www.visitcampania.info\/de\/blog\/#breadcrumb"},"inLanguage":"de","potentialAction":[{"@type":"ReadAction","target":["https:\/\/www.visitcampania.info\/de\/blog\/"]}]},{"@type":"ImageObject","inLanguage":"de","@id":"https:\/\/www.visitcampania.info\/de\/blog\/#primaryimage","url":"https:\/\/www.visitcampania.info\/wp-content\/uploads\/2024\/10\/1-Napoli-_di_Augusto_De_Luca-1024x464.jpg","contentUrl":"https:\/\/www.visitcampania.info\/wp-content\/uploads\/2024\/10\/1-Napoli-_di_Augusto_De_Luca-1024x464.jpg"},{"@type":"BreadcrumbList","@id":"https:\/\/www.visitcampania.info\/de\/blog\/#breadcrumb","itemListElement":[{"@type":"ListItem","position":1,"name":"Home","item":"https:\/\/www.visitcampania.info\/de\/heim\/"},{"@type":"ListItem","position":2,"name":"Blog"}]},{"@type":"WebSite","@id":"https:\/\/www.visitcampania.info\/#website","url":"https:\/\/www.visitcampania.info\/","name":"Visitcampania","description":"Lasciati guidare","publisher":{"@id":"https:\/\/www.visitcampania.info\/#organization"},"potentialAction":[{"@type":"SearchAction","target":{"@type":"EntryPoint","urlTemplate":"https:\/\/www.visitcampania.info\/?s={search_term_string}"},"query-input":{"@type":"PropertyValueSpecification","valueRequired":true,"valueName":"search_term_string"}}],"inLanguage":"de"},{"@type":"Organization","@id":"https:\/\/www.visitcampania.info\/#organization","name":"visitcampania","url":"https:\/\/www.visitcampania.info\/","logo":{"@type":"ImageObject","inLanguage":"de","@id":"https:\/\/www.visitcampania.info\/#\/schema\/logo\/image\/","url":"https:\/\/www.visitcampania.info\/wp-content\/uploads\/2022\/05\/visitcampania.info_-1.jpg","contentUrl":"https:\/\/www.visitcampania.info\/wp-content\/uploads\/2022\/05\/visitcampania.info_-1.jpg","width":1618,"height":529,"caption":"visitcampania"},"image":{"@id":"https:\/\/www.visitcampania.info\/#\/schema\/logo\/image\/"},"sameAs":["https:\/\/www.facebook.com\/Visitcampaniainfo-106072171934565\/?ref=pages_you_manage","https:\/\/x.com\/visitcampania21"]}]}},"_links":{"self":[{"href":"https:\/\/www.visitcampania.info\/de\/wp-json\/wp\/v2\/pages\/8296","targetHints":{"allow":["GET"]}}],"collection":[{"href":"https:\/\/www.visitcampania.info\/de\/wp-json\/wp\/v2\/pages"}],"about":[{"href":"https:\/\/www.visitcampania.info\/de\/wp-json\/wp\/v2\/types\/page"}],"author":[{"embeddable":true,"href":"https:\/\/www.visitcampania.info\/de\/wp-json\/wp\/v2\/users\/1741"}],"replies":[{"embeddable":true,"href":"https:\/\/www.visitcampania.info\/de\/wp-json\/wp\/v2\/comments?post=8296"}],"version-history":[{"count":0,"href":"https:\/\/www.visitcampania.info\/de\/wp-json\/wp\/v2\/pages\/8296\/revisions"}],"wp:attachment":[{"href":"https:\/\/www.visitcampania.info\/de\/wp-json\/wp\/v2\/media?parent=8296"}],"curies":[{"name":"wp","href":"https:\/\/api.w.org\/{rel}","templated":true}]}}