{"id":8327,"date":"2023-06-08T11:11:56","date_gmt":"2023-06-08T09:11:56","guid":{"rendered":"https:\/\/www.visitcampania.info\/le-typizitaet\/handwerk\/"},"modified":"2025-03-19T16:50:32","modified_gmt":"2025-03-19T15:50:32","slug":"handwerk","status":"publish","type":"page","link":"https:\/\/www.visitcampania.info\/de\/le-typizitaet\/handwerk\/","title":{"rendered":"Handwerk"},"content":{"rendered":"\t\t<div data-elementor-type=\"wp-page\" data-elementor-id=\"8327\" class=\"elementor elementor-8327 elementor-1908\" data-elementor-post-type=\"page\">\n\t\t\t\t\t\t<section data-dce-background-image-url=\"https:\/\/www.visitcampania.info\/wp-content\/uploads\/2021\/11\/artigianato2.jpg\" class=\"elementor-section elementor-top-section elementor-element elementor-element-b8a0f74 elementor-section-height-min-height elementor-section-boxed elementor-section-height-default elementor-section-items-middle\" data-id=\"b8a0f74\" data-element_type=\"section\" data-e-type=\"section\" data-settings=\"{&quot;background_background&quot;:&quot;classic&quot;}\">\n\t\t\t\t\t\t<div class=\"elementor-container elementor-column-gap-default\">\n\t\t\t\t\t<div class=\"elementor-column elementor-col-100 elementor-top-column elementor-element elementor-element-af8649b\" data-id=\"af8649b\" data-element_type=\"column\" data-e-type=\"column\" data-settings=\"{&quot;background_background&quot;:&quot;classic&quot;}\">\n\t\t\t<div class=\"elementor-widget-wrap elementor-element-populated\">\n\t\t\t\t\t<div class=\"elementor-background-overlay\"><\/div>\n\t\t\t\t\t\t<div class=\"elementor-element elementor-element-06e357c elementor-widget elementor-widget-heading\" data-id=\"06e357c\" data-element_type=\"widget\" data-e-type=\"widget\" data-widget_type=\"heading.default\">\n\t\t\t\t<div class=\"elementor-widget-container\">\n\t\t\t\t\t<h1 class=\"elementor-heading-title elementor-size-default\">Handwerk<\/h1>\t\t\t\t<\/div>\n\t\t\t\t<\/div>\n\t\t\t\t\t<\/div>\n\t\t<\/div>\n\t\t\t\t\t<\/div>\n\t\t<\/section>\n\t\t\t\t<section class=\"elementor-section elementor-top-section elementor-element elementor-element-95c8300 elementor-section-boxed elementor-section-height-default elementor-section-height-default\" data-id=\"95c8300\" data-element_type=\"section\" data-e-type=\"section\">\n\t\t\t\t\t\t<div class=\"elementor-container elementor-column-gap-default\">\n\t\t\t\t\t<div class=\"elementor-column elementor-col-100 elementor-top-column elementor-element elementor-element-01f7ea6\" data-id=\"01f7ea6\" data-element_type=\"column\" data-e-type=\"column\">\n\t\t\t<div class=\"elementor-widget-wrap elementor-element-populated\">\n\t\t\t\t\t\t<div class=\"elementor-element elementor-element-6fe0684 elementor-widget elementor-widget-breadcrumbs\" data-id=\"6fe0684\" data-element_type=\"widget\" data-e-type=\"widget\" data-widget_type=\"breadcrumbs.default\">\n\t\t\t\t<div class=\"elementor-widget-container\">\n\t\t\t\t\t<p id=\"breadcrumbs\"><span><span><a href=\"https:\/\/www.visitcampania.info\/de\/heim\/\">Home<\/a><\/span><\/span><\/p>\t\t\t\t<\/div>\n\t\t\t\t<\/div>\n\t\t\t\t\t<\/div>\n\t\t<\/div>\n\t\t\t\t\t<\/div>\n\t\t<\/section>\n\t\t\t\t<section class=\"elementor-section elementor-top-section elementor-element elementor-element-fc44746 elementor-section-boxed elementor-section-height-default elementor-section-height-default\" data-id=\"fc44746\" data-element_type=\"section\" data-e-type=\"section\">\n\t\t\t\t\t\t<div class=\"elementor-container elementor-column-gap-default\">\n\t\t\t\t\t<div class=\"elementor-column elementor-col-100 elementor-top-column elementor-element elementor-element-d7b1840\" data-id=\"d7b1840\" data-element_type=\"column\" data-e-type=\"column\">\n\t\t\t<div class=\"elementor-widget-wrap elementor-element-populated\">\n\t\t\t\t\t\t<div class=\"elementor-element elementor-element-791774a elementor-widget elementor-widget-text-editor\" data-id=\"791774a\" data-element_type=\"widget\" data-e-type=\"widget\" data-widget_type=\"text-editor.default\">\n\t\t\t\t<div class=\"elementor-widget-container\">\n\t\t\t\t\t\t\t\t\t<p>Die Entdeckung des Handwerks kann eine gro\u00dfartige M\u00f6glichkeit sein, die lokale Kultur und Traditionen zu vertiefen und <strong>qualitativ hochwertige Eink\u00e4ufe<\/strong> zu t\u00e4tigen. Kampanien zeichnet sich vor allem durch die <strong>neapolitanische Krippenkunst<\/strong> , die <strong>Verarbeitung von<\/strong> San Leucio-Seide, <strong>Sorrento-Intarsien<\/strong> , <strong>Goldschmiedekunst<\/strong>, <strong>Keramik<\/strong> und <strong>Korallenverarbeitung<\/strong> aus. Neben den \u00e4ltesten Traditionen m\u00f6chten wir Ihnen in diesem Abschnitt jedoch auch <strong>andere, weniger bekannte handwerkliche Produktionen<\/strong> anbieten, die jedoch immer noch f\u00fcr bestimmte Gebiete charakteristisch sind.<\/p>\t\t\t\t\t\t\t\t<\/div>\n\t\t\t\t<\/div>\n\t\t\t\t\t<\/div>\n\t\t<\/div>\n\t\t\t\t\t<\/div>\n\t\t<\/section>\n\t\t\t\t<section class=\"elementor-section elementor-top-section elementor-element elementor-element-e1087ec elementor-hidden-tablet elementor-hidden-mobile elementor-section-boxed elementor-section-height-default elementor-section-height-default\" data-id=\"e1087ec\" data-element_type=\"section\" data-e-type=\"section\">\n\t\t\t\t\t\t<div class=\"elementor-container elementor-column-gap-default\">\n\t\t\t\t\t<div class=\"elementor-column elementor-col-33 elementor-top-column elementor-element elementor-element-9808050\" data-id=\"9808050\" data-element_type=\"column\" data-e-type=\"column\">\n\t\t\t<div class=\"elementor-widget-wrap elementor-element-populated\">\n\t\t\t\t\t\t<div class=\"elementor-element elementor-element-cadf636 dce_masking-none elementor-widget elementor-widget-image\" data-id=\"cadf636\" data-element_type=\"widget\" data-e-type=\"widget\" data-widget_type=\"image.default\">\n\t\t\t\t<div class=\"elementor-widget-container\">\n\t\t\t\t\t\t\t\t\t\t\t\t\t\t\t<img fetchpriority=\"high\" decoding=\"async\" width=\"800\" height=\"534\" src=\"https:\/\/www.visitcampania.info\/wp-content\/uploads\/2022\/10\/artigianato-1.jpg\" class=\"attachment-large size-large wp-image-8130\" alt=\"\" srcset=\"https:\/\/www.visitcampania.info\/wp-content\/uploads\/2022\/10\/artigianato-1.jpg 1024w, https:\/\/www.visitcampania.info\/wp-content\/uploads\/2022\/10\/artigianato-1-300x200.jpg 300w, https:\/\/www.visitcampania.info\/wp-content\/uploads\/2022\/10\/artigianato-1-768x512.jpg 768w\" sizes=\"(max-width: 800px) 100vw, 800px\" \/>\t\t\t\t\t\t\t\t\t\t\t\t\t\t\t<\/div>\n\t\t\t\t<\/div>\n\t\t\t\t\t<\/div>\n\t\t<\/div>\n\t\t\t\t<div class=\"elementor-column elementor-col-33 elementor-top-column elementor-element elementor-element-8773bda\" data-id=\"8773bda\" data-element_type=\"column\" data-e-type=\"column\">\n\t\t\t<div class=\"elementor-widget-wrap elementor-element-populated\">\n\t\t\t\t\t\t<div class=\"elementor-element elementor-element-af60d7c dce_masking-none elementor-widget elementor-widget-image\" data-id=\"af60d7c\" data-element_type=\"widget\" data-e-type=\"widget\" data-widget_type=\"image.default\">\n\t\t\t\t<div class=\"elementor-widget-container\">\n\t\t\t\t\t\t\t\t\t\t\t\t\t\t\t<img decoding=\"async\" width=\"640\" height=\"426\" src=\"https:\/\/www.visitcampania.info\/wp-content\/uploads\/2022\/10\/artigianato-2-2.jpg\" class=\"attachment-large size-large wp-image-8133\" alt=\"\" srcset=\"https:\/\/www.visitcampania.info\/wp-content\/uploads\/2022\/10\/artigianato-2-2.jpg 640w, https:\/\/www.visitcampania.info\/wp-content\/uploads\/2022\/10\/artigianato-2-2-300x200.jpg 300w\" sizes=\"(max-width: 640px) 100vw, 640px\" \/>\t\t\t\t\t\t\t\t\t\t\t\t\t\t\t<\/div>\n\t\t\t\t<\/div>\n\t\t\t\t\t<\/div>\n\t\t<\/div>\n\t\t\t\t<div class=\"elementor-column elementor-col-33 elementor-top-column elementor-element elementor-element-554b2af\" data-id=\"554b2af\" data-element_type=\"column\" data-e-type=\"column\">\n\t\t\t<div class=\"elementor-widget-wrap elementor-element-populated\">\n\t\t\t\t\t\t<div class=\"elementor-element elementor-element-197d51c dce_masking-none elementor-widget elementor-widget-image\" data-id=\"197d51c\" data-element_type=\"widget\" data-e-type=\"widget\" data-widget_type=\"image.default\">\n\t\t\t\t<div class=\"elementor-widget-container\">\n\t\t\t\t\t\t\t\t\t\t\t\t\t\t\t<img decoding=\"async\" width=\"800\" height=\"533\" src=\"https:\/\/www.visitcampania.info\/wp-content\/uploads\/2022\/10\/artigianato-3.jpg\" class=\"attachment-large size-large wp-image-8134\" alt=\"\" srcset=\"https:\/\/www.visitcampania.info\/wp-content\/uploads\/2022\/10\/artigianato-3.jpg 800w, https:\/\/www.visitcampania.info\/wp-content\/uploads\/2022\/10\/artigianato-3-300x200.jpg 300w, https:\/\/www.visitcampania.info\/wp-content\/uploads\/2022\/10\/artigianato-3-768x512.jpg 768w\" sizes=\"(max-width: 800px) 100vw, 800px\" \/>\t\t\t\t\t\t\t\t\t\t\t\t\t\t\t<\/div>\n\t\t\t\t<\/div>\n\t\t\t\t\t<\/div>\n\t\t<\/div>\n\t\t\t\t\t<\/div>\n\t\t<\/section>\n\t\t\t\t<section class=\"elementor-section elementor-top-section elementor-element elementor-element-f8e20a0 elementor-section-boxed elementor-section-height-default elementor-section-height-default\" data-id=\"f8e20a0\" data-element_type=\"section\" data-e-type=\"section\">\n\t\t\t\t\t\t<div class=\"elementor-container elementor-column-gap-default\">\n\t\t\t\t\t<div class=\"elementor-column elementor-col-100 elementor-top-column elementor-element elementor-element-65bf027\" data-id=\"65bf027\" data-element_type=\"column\" data-e-type=\"column\">\n\t\t\t<div class=\"elementor-widget-wrap elementor-element-populated\">\n\t\t\t\t\t\t<div class=\"elementor-element elementor-element-7313af2 elementor-widget-divider--view-line elementor-widget elementor-widget-divider\" data-id=\"7313af2\" data-element_type=\"widget\" data-e-type=\"widget\" data-widget_type=\"divider.default\">\n\t\t\t\t<div class=\"elementor-widget-container\">\n\t\t\t\t\t\t\t<div class=\"elementor-divider\">\n\t\t\t<span class=\"elementor-divider-separator\">\n\t\t\t\t\t\t<\/span>\n\t\t<\/div>\n\t\t\t\t\t\t<\/div>\n\t\t\t\t<\/div>\n\t\t\t\t\t<\/div>\n\t\t<\/div>\n\t\t\t\t\t<\/div>\n\t\t<\/section>\n\t\t\t\t<section class=\"elementor-section elementor-top-section elementor-element elementor-element-3b55cf7 elementor-section-boxed elementor-section-height-default elementor-section-height-default\" data-id=\"3b55cf7\" data-element_type=\"section\" data-e-type=\"section\">\n\t\t\t\t\t\t<div class=\"elementor-container elementor-column-gap-default\">\n\t\t\t\t\t<div class=\"elementor-column elementor-col-100 elementor-top-column elementor-element elementor-element-1b0c0c4\" data-id=\"1b0c0c4\" data-element_type=\"column\" data-e-type=\"column\">\n\t\t\t<div class=\"elementor-widget-wrap elementor-element-populated\">\n\t\t\t\t\t\t<div class=\"elementor-element elementor-element-35c2b9e elementor-widget elementor-widget-shortcode\" data-id=\"35c2b9e\" data-element_type=\"widget\" data-e-type=\"widget\" data-widget_type=\"shortcode.default\">\n\t\t\t\t<div class=\"elementor-widget-container\">\n\t\t\t\t\t\t\t<div class=\"elementor-shortcode\"><\/div>\n\t\t\t\t\t\t<\/div>\n\t\t\t\t<\/div>\n\t\t\t\t\t<\/div>\n\t\t<\/div>\n\t\t\t\t\t<\/div>\n\t\t<\/section>\n\t\t\t\t<\/div>\n\t\t","protected":false},"excerpt":{"rendered":"<p>Handwerk Die Entdeckung des Handwerks kann eine gro\u00dfartige M\u00f6glichkeit sein, die lokale Kultur und Traditionen zu vertiefen und qualitativ hochwertige Eink\u00e4ufe zu t\u00e4tigen. Kampanien zeichnet sich vor allem durch die neapolitanische Krippenkunst , die Verarbeitung von San Leucio-Seide, Sorrento-Intarsien , Goldschmiedekunst, Keramik und Korallenverarbeitung aus. Neben den \u00e4ltesten Traditionen m\u00f6chten wir Ihnen in diesem Abschnitt [&hellip;]<\/p>\n","protected":false},"author":1741,"featured_media":0,"parent":8309,"menu_order":0,"comment_status":"closed","ping_status":"closed","template":"","meta":{"footnotes":""},"class_list":["post-8327","page","type-page","status-publish","hentry"],"yoast_head":"<!-- This site is optimized with the Yoast SEO plugin v27.6 - https:\/\/yoast.com\/product\/yoast-seo-wordpress\/ -->\n<title>Handwerk | Visitcampania<\/title>\n<meta name=\"robots\" content=\"index, follow, max-snippet:-1, max-image-preview:large, max-video-preview:-1\" \/>\n<link rel=\"canonical\" href=\"https:\/\/www.visitcampania.info\/de\/le-typizitaet\/handwerk\/\" \/>\n<meta property=\"og:locale\" content=\"de_DE\" \/>\n<meta property=\"og:type\" content=\"article\" \/>\n<meta property=\"og:title\" content=\"Handwerk | Visitcampania\" \/>\n<meta property=\"og:description\" content=\"Handwerk Die Entdeckung des Handwerks kann eine gro\u00dfartige M\u00f6glichkeit sein, die lokale Kultur und Traditionen zu vertiefen und qualitativ hochwerti\" \/>\n<meta property=\"og:url\" content=\"https:\/\/www.visitcampania.info\/de\/le-typizitaet\/handwerk\/\" \/>\n<meta property=\"og:site_name\" content=\"Visitcampania\" \/>\n<meta property=\"article:publisher\" content=\"https:\/\/www.facebook.com\/Visitcampaniainfo-106072171934565\/?ref=pages_you_manage\" \/>\n<meta property=\"article:modified_time\" content=\"2025-03-19T15:50:32+00:00\" \/>\n<meta property=\"og:image\" content=\"https:\/\/www.visitcampania.info\/wp-content\/uploads\/2022\/10\/artigianato-1.jpg\" \/>\n\t<meta property=\"og:image:width\" content=\"1024\" \/>\n\t<meta property=\"og:image:height\" content=\"683\" \/>\n\t<meta property=\"og:image:type\" content=\"image\/jpeg\" \/>\n<meta name=\"twitter:card\" content=\"summary_large_image\" \/>\n<meta name=\"twitter:site\" content=\"@visitcampania21\" \/>\n<meta name=\"twitter:label1\" content=\"Gesch\u00e4tzte Lesezeit\" \/>\n\t<meta name=\"twitter:data1\" content=\"1\u00a0Minute\" \/>\n<script type=\"application\/ld+json\" class=\"yoast-schema-graph\">{\"@context\":\"https:\\\/\\\/schema.org\",\"@graph\":[{\"@type\":\"WebPage\",\"@id\":\"https:\\\/\\\/www.visitcampania.info\\\/de\\\/le-typizitaet\\\/handwerk\\\/\",\"url\":\"https:\\\/\\\/www.visitcampania.info\\\/de\\\/le-typizitaet\\\/handwerk\\\/\",\"name\":\"Handwerk | Visitcampania\",\"isPartOf\":{\"@id\":\"https:\\\/\\\/www.visitcampania.info\\\/#website\"},\"primaryImageOfPage\":{\"@id\":\"https:\\\/\\\/www.visitcampania.info\\\/de\\\/le-typizitaet\\\/handwerk\\\/#primaryimage\"},\"image\":{\"@id\":\"https:\\\/\\\/www.visitcampania.info\\\/de\\\/le-typizitaet\\\/handwerk\\\/#primaryimage\"},\"thumbnailUrl\":\"https:\\\/\\\/www.visitcampania.info\\\/wp-content\\\/uploads\\\/2022\\\/10\\\/artigianato-1.jpg\",\"datePublished\":\"2023-06-08T09:11:56+00:00\",\"dateModified\":\"2025-03-19T15:50:32+00:00\",\"breadcrumb\":{\"@id\":\"https:\\\/\\\/www.visitcampania.info\\\/de\\\/le-typizitaet\\\/handwerk\\\/#breadcrumb\"},\"inLanguage\":\"de\",\"potentialAction\":[{\"@type\":\"ReadAction\",\"target\":[\"https:\\\/\\\/www.visitcampania.info\\\/de\\\/le-typizitaet\\\/handwerk\\\/\"]}]},{\"@type\":\"ImageObject\",\"inLanguage\":\"de\",\"@id\":\"https:\\\/\\\/www.visitcampania.info\\\/de\\\/le-typizitaet\\\/handwerk\\\/#primaryimage\",\"url\":\"https:\\\/\\\/www.visitcampania.info\\\/wp-content\\\/uploads\\\/2022\\\/10\\\/artigianato-1.jpg\",\"contentUrl\":\"https:\\\/\\\/www.visitcampania.info\\\/wp-content\\\/uploads\\\/2022\\\/10\\\/artigianato-1.jpg\"},{\"@type\":\"BreadcrumbList\",\"@id\":\"https:\\\/\\\/www.visitcampania.info\\\/de\\\/le-typizitaet\\\/handwerk\\\/#breadcrumb\",\"itemListElement\":[{\"@type\":\"ListItem\",\"position\":1,\"name\":\"Home\",\"item\":\"https:\\\/\\\/www.visitcampania.info\\\/de\\\/heim\\\/\"},{\"@type\":\"ListItem\",\"position\":2,\"name\":\"Typisch\",\"item\":\"https:\\\/\\\/www.visitcampania.info\\\/de\\\/le-typizitaet\\\/\"},{\"@type\":\"ListItem\",\"position\":3,\"name\":\"Handwerk\"}]},{\"@type\":\"WebSite\",\"@id\":\"https:\\\/\\\/www.visitcampania.info\\\/#website\",\"url\":\"https:\\\/\\\/www.visitcampania.info\\\/\",\"name\":\"Visitcampania\",\"description\":\"Lasciati guidare\",\"publisher\":{\"@id\":\"https:\\\/\\\/www.visitcampania.info\\\/#organization\"},\"potentialAction\":[{\"@type\":\"SearchAction\",\"target\":{\"@type\":\"EntryPoint\",\"urlTemplate\":\"https:\\\/\\\/www.visitcampania.info\\\/?s={search_term_string}\"},\"query-input\":{\"@type\":\"PropertyValueSpecification\",\"valueRequired\":true,\"valueName\":\"search_term_string\"}}],\"inLanguage\":\"de\"},{\"@type\":\"Organization\",\"@id\":\"https:\\\/\\\/www.visitcampania.info\\\/#organization\",\"name\":\"visitcampania\",\"url\":\"https:\\\/\\\/www.visitcampania.info\\\/\",\"logo\":{\"@type\":\"ImageObject\",\"inLanguage\":\"de\",\"@id\":\"https:\\\/\\\/www.visitcampania.info\\\/#\\\/schema\\\/logo\\\/image\\\/\",\"url\":\"https:\\\/\\\/www.visitcampania.info\\\/wp-content\\\/uploads\\\/2022\\\/05\\\/visitcampania.info_-1.jpg\",\"contentUrl\":\"https:\\\/\\\/www.visitcampania.info\\\/wp-content\\\/uploads\\\/2022\\\/05\\\/visitcampania.info_-1.jpg\",\"width\":1618,\"height\":529,\"caption\":\"visitcampania\"},\"image\":{\"@id\":\"https:\\\/\\\/www.visitcampania.info\\\/#\\\/schema\\\/logo\\\/image\\\/\"},\"sameAs\":[\"https:\\\/\\\/www.facebook.com\\\/Visitcampaniainfo-106072171934565\\\/?ref=pages_you_manage\",\"https:\\\/\\\/x.com\\\/visitcampania21\"]}]}<\/script>\n<!-- \/ Yoast SEO plugin. -->","yoast_head_json":{"title":"Handwerk | Visitcampania","robots":{"index":"index","follow":"follow","max-snippet":"max-snippet:-1","max-image-preview":"max-image-preview:large","max-video-preview":"max-video-preview:-1"},"canonical":"https:\/\/www.visitcampania.info\/de\/le-typizitaet\/handwerk\/","og_locale":"de_DE","og_type":"article","og_title":"Handwerk | Visitcampania","og_description":"Handwerk Die Entdeckung des Handwerks kann eine gro\u00dfartige M\u00f6glichkeit sein, die lokale Kultur und Traditionen zu vertiefen und qualitativ hochwerti","og_url":"https:\/\/www.visitcampania.info\/de\/le-typizitaet\/handwerk\/","og_site_name":"Visitcampania","article_publisher":"https:\/\/www.facebook.com\/Visitcampaniainfo-106072171934565\/?ref=pages_you_manage","article_modified_time":"2025-03-19T15:50:32+00:00","og_image":[{"width":1024,"height":683,"url":"https:\/\/www.visitcampania.info\/wp-content\/uploads\/2022\/10\/artigianato-1.jpg","type":"image\/jpeg"}],"twitter_card":"summary_large_image","twitter_site":"@visitcampania21","twitter_misc":{"Gesch\u00e4tzte Lesezeit":"1\u00a0Minute"},"schema":{"@context":"https:\/\/schema.org","@graph":[{"@type":"WebPage","@id":"https:\/\/www.visitcampania.info\/de\/le-typizitaet\/handwerk\/","url":"https:\/\/www.visitcampania.info\/de\/le-typizitaet\/handwerk\/","name":"Handwerk | Visitcampania","isPartOf":{"@id":"https:\/\/www.visitcampania.info\/#website"},"primaryImageOfPage":{"@id":"https:\/\/www.visitcampania.info\/de\/le-typizitaet\/handwerk\/#primaryimage"},"image":{"@id":"https:\/\/www.visitcampania.info\/de\/le-typizitaet\/handwerk\/#primaryimage"},"thumbnailUrl":"https:\/\/www.visitcampania.info\/wp-content\/uploads\/2022\/10\/artigianato-1.jpg","datePublished":"2023-06-08T09:11:56+00:00","dateModified":"2025-03-19T15:50:32+00:00","breadcrumb":{"@id":"https:\/\/www.visitcampania.info\/de\/le-typizitaet\/handwerk\/#breadcrumb"},"inLanguage":"de","potentialAction":[{"@type":"ReadAction","target":["https:\/\/www.visitcampania.info\/de\/le-typizitaet\/handwerk\/"]}]},{"@type":"ImageObject","inLanguage":"de","@id":"https:\/\/www.visitcampania.info\/de\/le-typizitaet\/handwerk\/#primaryimage","url":"https:\/\/www.visitcampania.info\/wp-content\/uploads\/2022\/10\/artigianato-1.jpg","contentUrl":"https:\/\/www.visitcampania.info\/wp-content\/uploads\/2022\/10\/artigianato-1.jpg"},{"@type":"BreadcrumbList","@id":"https:\/\/www.visitcampania.info\/de\/le-typizitaet\/handwerk\/#breadcrumb","itemListElement":[{"@type":"ListItem","position":1,"name":"Home","item":"https:\/\/www.visitcampania.info\/de\/heim\/"},{"@type":"ListItem","position":2,"name":"Typisch","item":"https:\/\/www.visitcampania.info\/de\/le-typizitaet\/"},{"@type":"ListItem","position":3,"name":"Handwerk"}]},{"@type":"WebSite","@id":"https:\/\/www.visitcampania.info\/#website","url":"https:\/\/www.visitcampania.info\/","name":"Visitcampania","description":"Lasciati guidare","publisher":{"@id":"https:\/\/www.visitcampania.info\/#organization"},"potentialAction":[{"@type":"SearchAction","target":{"@type":"EntryPoint","urlTemplate":"https:\/\/www.visitcampania.info\/?s={search_term_string}"},"query-input":{"@type":"PropertyValueSpecification","valueRequired":true,"valueName":"search_term_string"}}],"inLanguage":"de"},{"@type":"Organization","@id":"https:\/\/www.visitcampania.info\/#organization","name":"visitcampania","url":"https:\/\/www.visitcampania.info\/","logo":{"@type":"ImageObject","inLanguage":"de","@id":"https:\/\/www.visitcampania.info\/#\/schema\/logo\/image\/","url":"https:\/\/www.visitcampania.info\/wp-content\/uploads\/2022\/05\/visitcampania.info_-1.jpg","contentUrl":"https:\/\/www.visitcampania.info\/wp-content\/uploads\/2022\/05\/visitcampania.info_-1.jpg","width":1618,"height":529,"caption":"visitcampania"},"image":{"@id":"https:\/\/www.visitcampania.info\/#\/schema\/logo\/image\/"},"sameAs":["https:\/\/www.facebook.com\/Visitcampaniainfo-106072171934565\/?ref=pages_you_manage","https:\/\/x.com\/visitcampania21"]}]}},"_links":{"self":[{"href":"https:\/\/www.visitcampania.info\/de\/wp-json\/wp\/v2\/pages\/8327","targetHints":{"allow":["GET"]}}],"collection":[{"href":"https:\/\/www.visitcampania.info\/de\/wp-json\/wp\/v2\/pages"}],"about":[{"href":"https:\/\/www.visitcampania.info\/de\/wp-json\/wp\/v2\/types\/page"}],"author":[{"embeddable":true,"href":"https:\/\/www.visitcampania.info\/de\/wp-json\/wp\/v2\/users\/1741"}],"replies":[{"embeddable":true,"href":"https:\/\/www.visitcampania.info\/de\/wp-json\/wp\/v2\/comments?post=8327"}],"version-history":[{"count":0,"href":"https:\/\/www.visitcampania.info\/de\/wp-json\/wp\/v2\/pages\/8327\/revisions"}],"up":[{"embeddable":true,"href":"https:\/\/www.visitcampania.info\/de\/wp-json\/wp\/v2\/pages\/8309"}],"wp:attachment":[{"href":"https:\/\/www.visitcampania.info\/de\/wp-json\/wp\/v2\/media?parent=8327"}],"curies":[{"name":"wp","href":"https:\/\/api.w.org\/{rel}","templated":true}]}}