{"id":9288,"date":"2023-08-02T17:36:29","date_gmt":"2023-08-02T15:36:29","guid":{"rendered":"https:\/\/www.visitcampania.info\/blog\/"},"modified":"2025-03-19T16:49:59","modified_gmt":"2025-03-19T15:49:59","slug":"blog","status":"publish","type":"page","link":"https:\/\/www.visitcampania.info\/es\/blog\/","title":{"rendered":"Blog"},"content":{"rendered":"\t\t<div data-elementor-type=\"wp-page\" data-elementor-id=\"9288\" class=\"elementor elementor-9288 elementor-92\" data-elementor-post-type=\"page\">\n\t\t\t\t\t\t<section data-dce-background-image-url=\"https:\/\/www.visitcampania.info\/wp-content\/uploads\/2022\/12\/blog_slider_2.jpg\" class=\"elementor-section elementor-top-section elementor-element elementor-element-f3dde38 elementor-section-height-min-height elementor-section-boxed elementor-section-height-default elementor-section-items-middle\" data-id=\"f3dde38\" data-element_type=\"section\" data-e-type=\"section\" data-settings=\"{&quot;background_background&quot;:&quot;classic&quot;}\">\n\t\t\t\t\t\t<div class=\"elementor-container elementor-column-gap-default\">\n\t\t\t\t\t<div class=\"elementor-column elementor-col-100 elementor-top-column elementor-element elementor-element-7dad6fa\" data-id=\"7dad6fa\" data-element_type=\"column\" data-e-type=\"column\" data-settings=\"{&quot;background_background&quot;:&quot;classic&quot;}\">\n\t\t\t<div class=\"elementor-widget-wrap elementor-element-populated\">\n\t\t\t\t\t<div class=\"elementor-background-overlay\"><\/div>\n\t\t\t\t\t\t<div class=\"elementor-element elementor-element-fc3fda9 elementor-widget elementor-widget-heading\" data-id=\"fc3fda9\" data-element_type=\"widget\" data-e-type=\"widget\" data-widget_type=\"heading.default\">\n\t\t\t\t<div class=\"elementor-widget-container\">\n\t\t\t\t\t<h1 class=\"elementor-heading-title elementor-size-default\">El Blog<\/h1>\t\t\t\t<\/div>\n\t\t\t\t<\/div>\n\t\t\t\t\t<\/div>\n\t\t<\/div>\n\t\t\t\t\t<\/div>\n\t\t<\/section>\n\t\t\t\t<section class=\"elementor-section elementor-top-section elementor-element elementor-element-ca85960 elementor-section-boxed elementor-section-height-default elementor-section-height-default\" data-id=\"ca85960\" data-element_type=\"section\" data-e-type=\"section\">\n\t\t\t\t\t\t<div class=\"elementor-container elementor-column-gap-default\">\n\t\t\t\t\t<div class=\"elementor-column elementor-col-100 elementor-top-column elementor-element elementor-element-7090388\" data-id=\"7090388\" data-element_type=\"column\" data-e-type=\"column\">\n\t\t\t<div class=\"elementor-widget-wrap elementor-element-populated\">\n\t\t\t\t\t\t<div class=\"elementor-element elementor-element-123e56d elementor-widget elementor-widget-breadcrumbs\" data-id=\"123e56d\" data-element_type=\"widget\" data-e-type=\"widget\" data-widget_type=\"breadcrumbs.default\">\n\t\t\t\t<div class=\"elementor-widget-container\">\n\t\t\t\t\t<p id=\"breadcrumbs\"><span><span><a href=\"https:\/\/www.visitcampania.info\/es\/hogar\/\">Home<\/a><\/span><\/span><\/p>\t\t\t\t<\/div>\n\t\t\t\t<\/div>\n\t\t\t\t\t<\/div>\n\t\t<\/div>\n\t\t\t\t\t<\/div>\n\t\t<\/section>\n\t\t\t\t<section class=\"elementor-section elementor-top-section elementor-element elementor-element-7fcafd6 elementor-section-boxed elementor-section-height-default elementor-section-height-default\" data-id=\"7fcafd6\" data-element_type=\"section\" data-e-type=\"section\">\n\t\t\t\t\t\t<div class=\"elementor-container elementor-column-gap-default\">\n\t\t\t\t\t<div class=\"elementor-column elementor-col-100 elementor-top-column elementor-element elementor-element-533d1c4\" data-id=\"533d1c4\" data-element_type=\"column\" data-e-type=\"column\">\n\t\t\t<div class=\"elementor-widget-wrap elementor-element-populated\">\n\t\t\t\t\t\t<div class=\"elementor-element elementor-element-4433fc2 elementor-widget elementor-widget-text-editor\" data-id=\"4433fc2\" data-element_type=\"widget\" data-e-type=\"widget\" data-widget_type=\"text-editor.default\">\n\t\t\t\t<div class=\"elementor-widget-container\">\n\t\t\t\t\t\t\t\t\t<h1>Bienvenido al Visitcampania.info Travel Blog<\/h1><p>En este Blog de Viajes encontrar\u00e1s art\u00edculos, ordenados desde los m\u00e1s recientes, relacionados con nuestras experiencias de viaje en Campania.<\/p><p>Ya sea que est\u00e9 interesado en una excursi\u00f3n dominical con la familia o una sesi\u00f3n de fotos en lugares y circunstancias particulares, nuestro prop\u00f3sito es siempre el mismo. <strong>Estimula sugerencias<\/strong> de nuevas experiencias y te gu\u00eda para descubrir nuestro fant\u00e1stico territorio.<\/p>\t\t\t\t\t\t\t\t<\/div>\n\t\t\t\t<\/div>\n\t\t\t\t\t<\/div>\n\t\t<\/div>\n\t\t\t\t\t<\/div>\n\t\t<\/section>\n\t\t\t\t<section class=\"elementor-section elementor-top-section elementor-element elementor-element-e77173d elementor-section-boxed elementor-section-height-default elementor-section-height-default\" data-id=\"e77173d\" data-element_type=\"section\" data-e-type=\"section\">\n\t\t\t\t\t\t<div class=\"elementor-container elementor-column-gap-default\">\n\t\t\t\t\t<div class=\"elementor-column elementor-col-100 elementor-top-column elementor-element elementor-element-0b21f83\" data-id=\"0b21f83\" data-element_type=\"column\" data-e-type=\"column\">\n\t\t\t<div class=\"elementor-widget-wrap elementor-element-populated\">\n\t\t\t\t\t\t<div class=\"elementor-element elementor-element-6c202fb elementor-widget-divider--view-line elementor-widget elementor-widget-divider\" data-id=\"6c202fb\" data-element_type=\"widget\" data-e-type=\"widget\" data-widget_type=\"divider.default\">\n\t\t\t\t<div class=\"elementor-widget-container\">\n\t\t\t\t\t\t\t<div class=\"elementor-divider\">\n\t\t\t<span class=\"elementor-divider-separator\">\n\t\t\t\t\t\t<\/span>\n\t\t<\/div>\n\t\t\t\t\t\t<\/div>\n\t\t\t\t<\/div>\n\t\t\t\t<div class=\"elementor-element elementor-element-d4b0fb1 dce-col-tablet-4 dce-posts-layout-float dce-col-4 dce-col-mobile-1 dce-align-left elementor-widget elementor-widget-dce-dynamicposts-v2\" data-id=\"d4b0fb1\" data-element_type=\"widget\" data-e-type=\"widget\" data-settings=\"{&quot;grid_filters_grid_type&quot;:&quot;blog&quot;,&quot;style_items&quot;:&quot;float&quot;,&quot;grid_filters_all_filter&quot;:&quot;yes&quot;,&quot;grid_filters_all_default&quot;:&quot;yes&quot;}\" data-widget_type=\"dce-dynamicposts-v2.grid-filters\">\n\t\t\t\t<div class=\"elementor-widget-container\">\n\t\t\t\t\t\n\t\t<div class=\"dce-fix-background-loop dce-posts-container dce-posts dce-dynamic-posts-collection  dce-grid-filters-container dce-skin-grid-filters dce-skin-grid dce-skin-grid-blog\">\n\t\t\t<div class=\"dce-filters align-left\"><span class=\"filters-item filter-active\"><a href=\"#\" data-filter=\"*\">Todos<\/a><\/span><span class=\"filters-separator\"> \/ <\/span><span class=\"filters-item\"><a href=\"#\" data-e-disable-page-transition=\"false\" data-filter=\".category-cultural\">Cultural<\/a><\/span><span class=\"filters-separator\"> \/ <\/span><span class=\"filters-item\"><a href=\"#\" data-e-disable-page-transition=\"false\" data-filter=\".category-otro\">Otro<\/a><\/span><\/select><\/div>\t\t\t<div class=\"dce-posts-wrapper dce-grid-filters-wrapper dce-wrapper-grid-filters dce-wrapper-grid\">\n\t\t\t\n\t\t<article class=\"post-12130 post type-post status-publish format-standard has-post-thumbnail hentry category-otro tag-familia dce-post dce-post-item dce-item-filterable dce-grid-filters-item dce-item-grid-filters dce-item-grid\" data-dce-post-id=\"12130\" data-dce-post-index=\"0\">\n\t\t\t<div class=\"dce-post-block\">\n\t\t<div class=\"dce-image-area dce-item-area\"><div class=\"dce-item dce-item_image elementor-repeater-item-f2ebc2a\"><a class=\"dce-post-image\" href=\"https:\/\/www.visitcampania.info\/es\/scopri-la-campania-con-un-pass-la-guida-completa-ai-pass-turistici\/\"><figure  class=\"dce-img\"><img fetchpriority=\"high\" decoding=\"async\" width=\"800\" height=\"516\" src=\"https:\/\/www.visitcampania.info\/wp-content\/uploads\/2025\/05\/BANNER_PASS_TURISTICI_SMALL-1024x661.jpg\" class=\"\" alt=\"Descubra Campania con un Pase: La gu\u00eda completa de los Pases Tur\u00edsticos\" srcset=\"https:\/\/www.visitcampania.info\/wp-content\/uploads\/2025\/05\/BANNER_PASS_TURISTICI_SMALL-1024x661.jpg 1024w, https:\/\/www.visitcampania.info\/wp-content\/uploads\/2025\/05\/BANNER_PASS_TURISTICI_SMALL-300x194.jpg 300w, https:\/\/www.visitcampania.info\/wp-content\/uploads\/2025\/05\/BANNER_PASS_TURISTICI_SMALL-768x496.jpg 768w, https:\/\/www.visitcampania.info\/wp-content\/uploads\/2025\/05\/BANNER_PASS_TURISTICI_SMALL-1536x992.jpg 1536w, https:\/\/www.visitcampania.info\/wp-content\/uploads\/2025\/05\/BANNER_PASS_TURISTICI_SMALL.jpg 1920w\" sizes=\"(max-width: 800px) 100vw, 800px\" \/><\/figure><\/a><\/div><\/div><div class=\"dce-content-area dce-item-area\"><div class=\"dce-item dce-item_title elementor-repeater-item-8b13d71\"><h3 class=\"dce-post-title\"><a href=\"https:\/\/www.visitcampania.info\/es\/scopri-la-campania-con-un-pass-la-guida-completa-ai-pass-turistici\/\">Descubra Campania con un Pase: La gu\u00eda completa de los Pases Tur\u00edsticos<\/a><\/h3><\/div><div class=\"dce-item dce-item_content elementor-repeater-item-043a3f3 elementor-hidden-mobile\"><div class=\"dce-post-content\">Descubrir una ciudad no es s\u00f3lo visitar monumentos, sino vivirla sin estr\u00e9s&hellip;<\/div><\/div><\/div>\t\t\t<\/div>\n\t\t<\/article>\n\t\t\n\t\t<article class=\"post-10394 post type-post status-publish format-standard has-post-thumbnail hentry category-cultural dce-post dce-post-item dce-item-filterable dce-grid-filters-item dce-item-grid-filters dce-item-grid\" data-dce-post-id=\"10394\" data-dce-post-index=\"1\">\n\t\t\t<div class=\"dce-post-block\">\n\t\t<div class=\"dce-image-area dce-item-area\"><div class=\"dce-item dce-item_image elementor-repeater-item-f2ebc2a\"><a class=\"dce-post-image\" href=\"https:\/\/www.visitcampania.info\/es\/gran-dama-de-napoles\/\"><figure  class=\"dce-img\"><img decoding=\"async\" width=\"800\" height=\"363\" src=\"https:\/\/www.visitcampania.info\/wp-content\/uploads\/2024\/10\/1-Napoli-_di_Augusto_De_Luca-1024x464.jpg\" class=\"\" alt=\"Gran Dama de N\u00e1poles\" srcset=\"https:\/\/www.visitcampania.info\/wp-content\/uploads\/2024\/10\/1-Napoli-_di_Augusto_De_Luca-1024x464.jpg 1024w, https:\/\/www.visitcampania.info\/wp-content\/uploads\/2024\/10\/1-Napoli-_di_Augusto_De_Luca-300x136.jpg 300w, https:\/\/www.visitcampania.info\/wp-content\/uploads\/2024\/10\/1-Napoli-_di_Augusto_De_Luca-768x348.jpg 768w, https:\/\/www.visitcampania.info\/wp-content\/uploads\/2024\/10\/1-Napoli-_di_Augusto_De_Luca.jpg 1276w\" sizes=\"(max-width: 800px) 100vw, 800px\" \/><\/figure><\/a><\/div><\/div><div class=\"dce-content-area dce-item-area\"><div class=\"dce-item dce-item_title elementor-repeater-item-8b13d71\"><h3 class=\"dce-post-title\"><a href=\"https:\/\/www.visitcampania.info\/es\/gran-dama-de-napoles\/\">Gran Dama de N\u00e1poles<\/a><\/h3><\/div><div class=\"dce-item dce-item_content elementor-repeater-item-043a3f3 elementor-hidden-mobile\"><div class=\"dce-post-content\">Un proyecto fotogr\u00e1fico para descubrir el esp\u00edritu de N\u00e1poles\n\n\n\n\n\n\n\nEste p&hellip;<\/div><\/div><\/div>\t\t\t<\/div>\n\t\t<\/article>\n\t\t\n\t\t<article class=\"post-9347 post type-post status-publish format-standard has-post-thumbnail hentry category-otro dce-post dce-post-item dce-item-filterable dce-grid-filters-item dce-item-grid-filters dce-item-grid\" data-dce-post-id=\"9347\" data-dce-post-index=\"2\">\n\t\t\t<div class=\"dce-post-block\">\n\t\t<div class=\"dce-image-area dce-item-area\"><div class=\"dce-item dce-item_image elementor-repeater-item-f2ebc2a\"><a class=\"dce-post-image\" href=\"https:\/\/www.visitcampania.info\/es\/si-parte\/\"><figure  class=\"dce-img\"><img decoding=\"async\" width=\"800\" height=\"534\" src=\"https:\/\/www.visitcampania.info\/wp-content\/uploads\/2022\/12\/blog_si-parte_1-1024x683.jpg\" class=\"\" alt=\"Vamos\" srcset=\"https:\/\/www.visitcampania.info\/wp-content\/uploads\/2022\/12\/blog_si-parte_1-1024x683.jpg 1024w, https:\/\/www.visitcampania.info\/wp-content\/uploads\/2022\/12\/blog_si-parte_1-300x200.jpg 300w, https:\/\/www.visitcampania.info\/wp-content\/uploads\/2022\/12\/blog_si-parte_1-768x512.jpg 768w, https:\/\/www.visitcampania.info\/wp-content\/uploads\/2022\/12\/blog_si-parte_1-1536x1024.jpg 1536w, https:\/\/www.visitcampania.info\/wp-content\/uploads\/2022\/12\/blog_si-parte_1.jpg 1920w\" sizes=\"(max-width: 800px) 100vw, 800px\" \/><\/figure><\/a><\/div><\/div><div class=\"dce-content-area dce-item-area\"><div class=\"dce-item dce-item_title elementor-repeater-item-8b13d71\"><h3 class=\"dce-post-title\"><a href=\"https:\/\/www.visitcampania.info\/es\/si-parte\/\">Vamos<\/a><\/h3><\/div><div class=\"dce-item dce-item_content elementor-repeater-item-043a3f3 elementor-hidden-mobile\"><div class=\"dce-post-content\">Comience su viaje de visitcampania.info\n\nY s\u00ed, vamos. De hecho, el viaje vi&hellip;<\/div><\/div><\/div>\t\t\t<\/div>\n\t\t<\/article>\n\t\t\t\t\t<\/div>\n\t\t\t\t\t<\/div>\n\t\t\t\t\t\t<\/div>\n\t\t\t\t<\/div>\n\t\t\t\t\t<\/div>\n\t\t<\/div>\n\t\t\t\t\t<\/div>\n\t\t<\/section>\n\t\t\t\t<\/div>\n\t\t","protected":false},"excerpt":{"rendered":"<p>El Blog Bienvenido al Visitcampania.info Travel Blog En este Blog de Viajes encontrar\u00e1s art\u00edculos, ordenados desde los m\u00e1s recientes, relacionados con nuestras experiencias de viaje en Campania. Ya sea que est\u00e9 interesado en una excursi\u00f3n dominical con la familia o una sesi\u00f3n de fotos en lugares y circunstancias particulares, nuestro prop\u00f3sito es siempre el mismo. [&hellip;]<\/p>\n","protected":false},"author":1741,"featured_media":0,"parent":0,"menu_order":0,"comment_status":"closed","ping_status":"closed","template":"","meta":{"footnotes":""},"class_list":["post-9288","page","type-page","status-publish","hentry"],"yoast_head":"<!-- This site is optimized with the Yoast SEO plugin v27.3 - https:\/\/yoast.com\/product\/yoast-seo-wordpress\/ -->\n<title>Nuestro Blog de Viajes<\/title>\n<meta name=\"description\" content=\"El visticampania.info Travel Blog es una colecci\u00f3n de art\u00edculos sobre nuestras experiencias de viaje en Campania.\" \/>\n<meta name=\"robots\" content=\"noindex, nofollow\" \/>\n<meta property=\"og:locale\" content=\"es_ES\" \/>\n<meta property=\"og:type\" content=\"article\" \/>\n<meta property=\"og:title\" content=\"Nuestro Blog de Viajes\" \/>\n<meta property=\"og:description\" content=\"El visticampania.info Travel Blog es una colecci\u00f3n de art\u00edculos sobre nuestras experiencias de viaje en Campania.\" \/>\n<meta property=\"og:url\" content=\"https:\/\/www.visitcampania.info\/es\/blog\/\" \/>\n<meta property=\"og:site_name\" content=\"Visitcampania\" \/>\n<meta property=\"article:publisher\" content=\"https:\/\/www.facebook.com\/Visitcampaniainfo-106072171934565\/?ref=pages_you_manage\" \/>\n<meta property=\"article:modified_time\" content=\"2025-03-19T15:49:59+00:00\" \/>\n<meta property=\"og:image\" content=\"https:\/\/www.visitcampania.info\/wp-content\/uploads\/2024\/10\/1-Napoli-_di_Augusto_De_Luca-1024x464.jpg\" \/>\n<meta name=\"twitter:card\" content=\"summary_large_image\" \/>\n<meta name=\"twitter:site\" content=\"@visitcampania21\" \/>\n<meta name=\"twitter:label1\" content=\"Tiempo de lectura\" \/>\n\t<meta name=\"twitter:data1\" content=\"1 minuto\" \/>\n<script type=\"application\/ld+json\" class=\"yoast-schema-graph\">{\"@context\":\"https:\\\/\\\/schema.org\",\"@graph\":[{\"@type\":\"WebPage\",\"@id\":\"https:\\\/\\\/www.visitcampania.info\\\/es\\\/blog\\\/\",\"url\":\"https:\\\/\\\/www.visitcampania.info\\\/es\\\/blog\\\/\",\"name\":\"Nuestro Blog de Viajes\",\"isPartOf\":{\"@id\":\"https:\\\/\\\/www.visitcampania.info\\\/#website\"},\"primaryImageOfPage\":{\"@id\":\"https:\\\/\\\/www.visitcampania.info\\\/es\\\/blog\\\/#primaryimage\"},\"image\":{\"@id\":\"https:\\\/\\\/www.visitcampania.info\\\/es\\\/blog\\\/#primaryimage\"},\"thumbnailUrl\":\"https:\\\/\\\/www.visitcampania.info\\\/wp-content\\\/uploads\\\/2024\\\/10\\\/1-Napoli-_di_Augusto_De_Luca-1024x464.jpg\",\"datePublished\":\"2023-08-02T15:36:29+00:00\",\"dateModified\":\"2025-03-19T15:49:59+00:00\",\"description\":\"El visticampania.info Travel Blog es una colecci\u00f3n de art\u00edculos sobre nuestras experiencias de viaje en Campania.\",\"breadcrumb\":{\"@id\":\"https:\\\/\\\/www.visitcampania.info\\\/es\\\/blog\\\/#breadcrumb\"},\"inLanguage\":\"es\",\"potentialAction\":[{\"@type\":\"ReadAction\",\"target\":[\"https:\\\/\\\/www.visitcampania.info\\\/es\\\/blog\\\/\"]}]},{\"@type\":\"ImageObject\",\"inLanguage\":\"es\",\"@id\":\"https:\\\/\\\/www.visitcampania.info\\\/es\\\/blog\\\/#primaryimage\",\"url\":\"https:\\\/\\\/www.visitcampania.info\\\/wp-content\\\/uploads\\\/2024\\\/10\\\/1-Napoli-_di_Augusto_De_Luca-1024x464.jpg\",\"contentUrl\":\"https:\\\/\\\/www.visitcampania.info\\\/wp-content\\\/uploads\\\/2024\\\/10\\\/1-Napoli-_di_Augusto_De_Luca-1024x464.jpg\"},{\"@type\":\"BreadcrumbList\",\"@id\":\"https:\\\/\\\/www.visitcampania.info\\\/es\\\/blog\\\/#breadcrumb\",\"itemListElement\":[{\"@type\":\"ListItem\",\"position\":1,\"name\":\"Home\",\"item\":\"https:\\\/\\\/www.visitcampania.info\\\/es\\\/hogar\\\/\"},{\"@type\":\"ListItem\",\"position\":2,\"name\":\"Blog\"}]},{\"@type\":\"WebSite\",\"@id\":\"https:\\\/\\\/www.visitcampania.info\\\/#website\",\"url\":\"https:\\\/\\\/www.visitcampania.info\\\/\",\"name\":\"Visitcampania\",\"description\":\"Lasciati guidare\",\"publisher\":{\"@id\":\"https:\\\/\\\/www.visitcampania.info\\\/#organization\"},\"potentialAction\":[{\"@type\":\"SearchAction\",\"target\":{\"@type\":\"EntryPoint\",\"urlTemplate\":\"https:\\\/\\\/www.visitcampania.info\\\/?s={search_term_string}\"},\"query-input\":{\"@type\":\"PropertyValueSpecification\",\"valueRequired\":true,\"valueName\":\"search_term_string\"}}],\"inLanguage\":\"es\"},{\"@type\":\"Organization\",\"@id\":\"https:\\\/\\\/www.visitcampania.info\\\/#organization\",\"name\":\"visitcampania\",\"url\":\"https:\\\/\\\/www.visitcampania.info\\\/\",\"logo\":{\"@type\":\"ImageObject\",\"inLanguage\":\"es\",\"@id\":\"https:\\\/\\\/www.visitcampania.info\\\/#\\\/schema\\\/logo\\\/image\\\/\",\"url\":\"https:\\\/\\\/www.visitcampania.info\\\/wp-content\\\/uploads\\\/2022\\\/05\\\/visitcampania.info_-1.jpg\",\"contentUrl\":\"https:\\\/\\\/www.visitcampania.info\\\/wp-content\\\/uploads\\\/2022\\\/05\\\/visitcampania.info_-1.jpg\",\"width\":1618,\"height\":529,\"caption\":\"visitcampania\"},\"image\":{\"@id\":\"https:\\\/\\\/www.visitcampania.info\\\/#\\\/schema\\\/logo\\\/image\\\/\"},\"sameAs\":[\"https:\\\/\\\/www.facebook.com\\\/Visitcampaniainfo-106072171934565\\\/?ref=pages_you_manage\",\"https:\\\/\\\/x.com\\\/visitcampania21\"]}]}<\/script>\n<!-- \/ Yoast SEO plugin. -->","yoast_head_json":{"title":"Nuestro Blog de Viajes","description":"El visticampania.info Travel Blog es una colecci\u00f3n de art\u00edculos sobre nuestras experiencias de viaje en Campania.","robots":{"index":"noindex","follow":"nofollow"},"og_locale":"es_ES","og_type":"article","og_title":"Nuestro Blog de Viajes","og_description":"El visticampania.info Travel Blog es una colecci\u00f3n de art\u00edculos sobre nuestras experiencias de viaje en Campania.","og_url":"https:\/\/www.visitcampania.info\/es\/blog\/","og_site_name":"Visitcampania","article_publisher":"https:\/\/www.facebook.com\/Visitcampaniainfo-106072171934565\/?ref=pages_you_manage","article_modified_time":"2025-03-19T15:49:59+00:00","og_image":[{"url":"https:\/\/www.visitcampania.info\/wp-content\/uploads\/2024\/10\/1-Napoli-_di_Augusto_De_Luca-1024x464.jpg","type":"","width":"","height":""}],"twitter_card":"summary_large_image","twitter_site":"@visitcampania21","twitter_misc":{"Tiempo de lectura":"1 minuto"},"schema":{"@context":"https:\/\/schema.org","@graph":[{"@type":"WebPage","@id":"https:\/\/www.visitcampania.info\/es\/blog\/","url":"https:\/\/www.visitcampania.info\/es\/blog\/","name":"Nuestro Blog de Viajes","isPartOf":{"@id":"https:\/\/www.visitcampania.info\/#website"},"primaryImageOfPage":{"@id":"https:\/\/www.visitcampania.info\/es\/blog\/#primaryimage"},"image":{"@id":"https:\/\/www.visitcampania.info\/es\/blog\/#primaryimage"},"thumbnailUrl":"https:\/\/www.visitcampania.info\/wp-content\/uploads\/2024\/10\/1-Napoli-_di_Augusto_De_Luca-1024x464.jpg","datePublished":"2023-08-02T15:36:29+00:00","dateModified":"2025-03-19T15:49:59+00:00","description":"El visticampania.info Travel Blog es una colecci\u00f3n de art\u00edculos sobre nuestras experiencias de viaje en Campania.","breadcrumb":{"@id":"https:\/\/www.visitcampania.info\/es\/blog\/#breadcrumb"},"inLanguage":"es","potentialAction":[{"@type":"ReadAction","target":["https:\/\/www.visitcampania.info\/es\/blog\/"]}]},{"@type":"ImageObject","inLanguage":"es","@id":"https:\/\/www.visitcampania.info\/es\/blog\/#primaryimage","url":"https:\/\/www.visitcampania.info\/wp-content\/uploads\/2024\/10\/1-Napoli-_di_Augusto_De_Luca-1024x464.jpg","contentUrl":"https:\/\/www.visitcampania.info\/wp-content\/uploads\/2024\/10\/1-Napoli-_di_Augusto_De_Luca-1024x464.jpg"},{"@type":"BreadcrumbList","@id":"https:\/\/www.visitcampania.info\/es\/blog\/#breadcrumb","itemListElement":[{"@type":"ListItem","position":1,"name":"Home","item":"https:\/\/www.visitcampania.info\/es\/hogar\/"},{"@type":"ListItem","position":2,"name":"Blog"}]},{"@type":"WebSite","@id":"https:\/\/www.visitcampania.info\/#website","url":"https:\/\/www.visitcampania.info\/","name":"Visitcampania","description":"Lasciati guidare","publisher":{"@id":"https:\/\/www.visitcampania.info\/#organization"},"potentialAction":[{"@type":"SearchAction","target":{"@type":"EntryPoint","urlTemplate":"https:\/\/www.visitcampania.info\/?s={search_term_string}"},"query-input":{"@type":"PropertyValueSpecification","valueRequired":true,"valueName":"search_term_string"}}],"inLanguage":"es"},{"@type":"Organization","@id":"https:\/\/www.visitcampania.info\/#organization","name":"visitcampania","url":"https:\/\/www.visitcampania.info\/","logo":{"@type":"ImageObject","inLanguage":"es","@id":"https:\/\/www.visitcampania.info\/#\/schema\/logo\/image\/","url":"https:\/\/www.visitcampania.info\/wp-content\/uploads\/2022\/05\/visitcampania.info_-1.jpg","contentUrl":"https:\/\/www.visitcampania.info\/wp-content\/uploads\/2022\/05\/visitcampania.info_-1.jpg","width":1618,"height":529,"caption":"visitcampania"},"image":{"@id":"https:\/\/www.visitcampania.info\/#\/schema\/logo\/image\/"},"sameAs":["https:\/\/www.facebook.com\/Visitcampaniainfo-106072171934565\/?ref=pages_you_manage","https:\/\/x.com\/visitcampania21"]}]}},"_links":{"self":[{"href":"https:\/\/www.visitcampania.info\/es\/wp-json\/wp\/v2\/pages\/9288","targetHints":{"allow":["GET"]}}],"collection":[{"href":"https:\/\/www.visitcampania.info\/es\/wp-json\/wp\/v2\/pages"}],"about":[{"href":"https:\/\/www.visitcampania.info\/es\/wp-json\/wp\/v2\/types\/page"}],"author":[{"embeddable":true,"href":"https:\/\/www.visitcampania.info\/es\/wp-json\/wp\/v2\/users\/1741"}],"replies":[{"embeddable":true,"href":"https:\/\/www.visitcampania.info\/es\/wp-json\/wp\/v2\/comments?post=9288"}],"version-history":[{"count":0,"href":"https:\/\/www.visitcampania.info\/es\/wp-json\/wp\/v2\/pages\/9288\/revisions"}],"wp:attachment":[{"href":"https:\/\/www.visitcampania.info\/es\/wp-json\/wp\/v2\/media?parent=9288"}],"curies":[{"name":"wp","href":"https:\/\/api.w.org\/{rel}","templated":true}]}}