{"id":9296,"date":"2023-08-02T18:11:45","date_gmt":"2023-08-02T16:11:45","guid":{"rendered":"https:\/\/www.visitcampania.info\/los-itinerarios\/todo-en-un-dia\/"},"modified":"2025-03-19T16:52:05","modified_gmt":"2025-03-19T15:52:05","slug":"todo-en-un-dia","status":"publish","type":"page","link":"https:\/\/www.visitcampania.info\/es\/los-itinerarios\/todo-en-un-dia\/","title":{"rendered":"Todo en un d\u00eda"},"content":{"rendered":"\t\t<div data-elementor-type=\"wp-page\" data-elementor-id=\"9296\" class=\"elementor elementor-9296 elementor-1733\" data-elementor-post-type=\"page\">\n\t\t\t\t\t\t<section data-dce-background-image-url=\"https:\/\/www.visitcampania.info\/wp-content\/uploads\/2021\/11\/come-organizzare-un-viaggio-zaino-in-spalla.jpg\" class=\"elementor-section elementor-top-section elementor-element elementor-element-3a4388f elementor-section-height-min-height elementor-section-boxed elementor-section-height-default elementor-section-items-middle\" data-id=\"3a4388f\" data-element_type=\"section\" data-e-type=\"section\" data-settings=\"{&quot;background_background&quot;:&quot;classic&quot;}\">\n\t\t\t\t\t\t<div class=\"elementor-container elementor-column-gap-default\">\n\t\t\t\t\t<div class=\"elementor-column elementor-col-100 elementor-top-column elementor-element elementor-element-1249515\" data-id=\"1249515\" data-element_type=\"column\" data-e-type=\"column\" data-settings=\"{&quot;background_background&quot;:&quot;classic&quot;}\">\n\t\t\t<div class=\"elementor-widget-wrap elementor-element-populated\">\n\t\t\t\t\t<div class=\"elementor-background-overlay\"><\/div>\n\t\t\t\t\t\t<div class=\"elementor-element elementor-element-8e3a9be elementor-widget elementor-widget-heading\" data-id=\"8e3a9be\" data-element_type=\"widget\" data-e-type=\"widget\" data-widget_type=\"heading.default\">\n\t\t\t\t<div class=\"elementor-widget-container\">\n\t\t\t\t\t<h1 class=\"elementor-heading-title elementor-size-default\">Todo en un d\u00eda<\/h1>\t\t\t\t<\/div>\n\t\t\t\t<\/div>\n\t\t\t\t\t<\/div>\n\t\t<\/div>\n\t\t\t\t\t<\/div>\n\t\t<\/section>\n\t\t\t\t<section class=\"elementor-section elementor-top-section elementor-element elementor-element-e289965 elementor-section-boxed elementor-section-height-default elementor-section-height-default\" data-id=\"e289965\" data-element_type=\"section\" data-e-type=\"section\">\n\t\t\t\t\t\t<div class=\"elementor-container elementor-column-gap-default\">\n\t\t\t\t\t<div class=\"elementor-column elementor-col-100 elementor-top-column elementor-element elementor-element-4e56676\" data-id=\"4e56676\" data-element_type=\"column\" data-e-type=\"column\">\n\t\t\t<div class=\"elementor-widget-wrap elementor-element-populated\">\n\t\t\t\t\t\t<div class=\"elementor-element elementor-element-2d92e08 elementor-widget elementor-widget-breadcrumbs\" data-id=\"2d92e08\" data-element_type=\"widget\" data-e-type=\"widget\" data-widget_type=\"breadcrumbs.default\">\n\t\t\t\t<div class=\"elementor-widget-container\">\n\t\t\t\t\t<p id=\"breadcrumbs\"><span><span><a href=\"https:\/\/www.visitcampania.info\/es\/hogar\/\">Home<\/a><\/span><\/span><\/p>\t\t\t\t<\/div>\n\t\t\t\t<\/div>\n\t\t\t\t\t<\/div>\n\t\t<\/div>\n\t\t\t\t\t<\/div>\n\t\t<\/section>\n\t\t\t\t<section class=\"elementor-section elementor-top-section elementor-element elementor-element-5d19ca5 elementor-section-boxed elementor-section-height-default elementor-section-height-default\" data-id=\"5d19ca5\" data-element_type=\"section\" data-e-type=\"section\">\n\t\t\t\t\t\t<div class=\"elementor-container elementor-column-gap-default\">\n\t\t\t\t\t<div class=\"elementor-column elementor-col-100 elementor-top-column elementor-element elementor-element-7b786c2\" data-id=\"7b786c2\" data-element_type=\"column\" data-e-type=\"column\">\n\t\t\t<div class=\"elementor-widget-wrap elementor-element-populated\">\n\t\t\t\t\t\t<div class=\"elementor-element elementor-element-8459ad4 elementor-widget elementor-widget-text-editor\" data-id=\"8459ad4\" data-element_type=\"widget\" data-e-type=\"widget\" data-widget_type=\"text-editor.default\">\n\t\t\t\t<div class=\"elementor-widget-container\">\n\t\t\t\t\t\t\t\t\t<p>\u00bfC\u00f3mo organizar una visita a la ciudad o una peque\u00f1a excursi\u00f3n fuera de la ciudad? Aqu\u00ed est\u00e1n nuestros itinerarios de un d\u00eda para optimizar su tiempo y no perderse lo mejor del territorio. Ad\u00e1ptalos a tus necesidades y v\u00edvelos al ritmo adecuado sin olvidar una parada para tomar un caf\u00e9 en la mesa. Tambi\u00e9n puede usarlos para complementar o modificar rutas m\u00e1s largas.<\/p>\t\t\t\t\t\t\t\t<\/div>\n\t\t\t\t<\/div>\n\t\t\t\t\t<\/div>\n\t\t<\/div>\n\t\t\t\t\t<\/div>\n\t\t<\/section>\n\t\t\t\t<section class=\"elementor-section elementor-top-section elementor-element elementor-element-126f223 elementor-section-boxed elementor-section-height-default elementor-section-height-default\" data-id=\"126f223\" data-element_type=\"section\" data-e-type=\"section\">\n\t\t\t\t\t\t<div class=\"elementor-container elementor-column-gap-default\">\n\t\t\t\t\t<div class=\"elementor-column elementor-col-100 elementor-top-column elementor-element elementor-element-2358877\" data-id=\"2358877\" data-element_type=\"column\" data-e-type=\"column\">\n\t\t\t<div class=\"elementor-widget-wrap elementor-element-populated\">\n\t\t\t\t\t\t<div class=\"elementor-element elementor-element-595ef4e elementor-widget-divider--view-line elementor-widget elementor-widget-divider\" data-id=\"595ef4e\" data-element_type=\"widget\" data-e-type=\"widget\" data-widget_type=\"divider.default\">\n\t\t\t\t<div class=\"elementor-widget-container\">\n\t\t\t\t\t\t\t<div class=\"elementor-divider\">\n\t\t\t<span class=\"elementor-divider-separator\">\n\t\t\t\t\t\t<\/span>\n\t\t<\/div>\n\t\t\t\t\t\t<\/div>\n\t\t\t\t<\/div>\n\t\t\t\t\t<\/div>\n\t\t<\/div>\n\t\t\t\t\t<\/div>\n\t\t<\/section>\n\t\t\t\t<section class=\"elementor-section elementor-top-section elementor-element elementor-element-5b398bd elementor-section-boxed elementor-section-height-default elementor-section-height-default\" data-id=\"5b398bd\" data-element_type=\"section\" data-e-type=\"section\">\n\t\t\t\t\t\t<div class=\"elementor-container elementor-column-gap-default\">\n\t\t\t\t\t<div class=\"elementor-column elementor-col-50 elementor-top-column elementor-element elementor-element-9d07164\" data-id=\"9d07164\" data-element_type=\"column\" data-e-type=\"column\">\n\t\t\t<div class=\"elementor-widget-wrap elementor-element-populated\">\n\t\t\t\t\t\t<div class=\"elementor-element elementor-element-2f11466 elementor-widget elementor-widget-wp-widget-gd_map\" data-id=\"2f11466\" data-element_type=\"widget\" data-e-type=\"widget\" data-widget_type=\"wp-widget-gd_map.default\">\n\t\t\t\t<div class=\"elementor-widget-container\">\n\t\t\t\t\t<span class='geodir-wgt-map bsui sdel-5fd000e8' ><!--START geodir-map-wrap-->\n<div class=\"geodir-map-wrap geodir-directory-map-wrap 100 100vh overflow-hidden\">\n\t<div id=\"catcher_wp_widget_gd_map\"><\/div>\n\t<!--START stick_trigger_container-->\n\t<div class=\"stick_trigger_container bsui\">\n\t\t<div class=\"trigger_sticky triggeroff_sticky mt-n5 btn btn-secondary me-n2 me-n2 c-pointer\" style=\"display: none;\">\n\t\t\t<i class=\"fas fa-map-marked-alt\"><\/i>\n\t\t\t<i class=\"fas fa-angle-right\"><\/i>\n\t\t<\/div>\n\t\t<!--end of stick trigger container-->\n\t\t<div class=\"geodir_map_container wp_widget_gd_map bsui position-relative mw-100\"\n\t\t     id=\"sticky_map_wp_widget_gd_map\"\n\t\t     style=\"width:100%;min-height:100vh;\">\n\t\t\t<!--END map_background-->\n\t\t\t<div class=\"map_background\">\n\t\t\t\t<div class=\"top_banner_section_in clearfix\">\n\t\t\t\t\t<div class=\"wp_widget_gd_map_TopLeft TopLeft position-absolute bg-white text-muted rounded-sm rounded-1 shadow-sm m-2 px-1 py-1 h5 c-pointer\" style=\"z-index: 3;\">\n\t\t\t\t\t\t<span class=\"triggermap\" id=\"wp_widget_gd_map_triggermap\">\n\t\t\t\t\t\t\t<i class=\"fas fa-expand-arrows-alt fa-fw fa-width-fixed\" aria-hidden=\"true\"><\/i>\n\t\t\t\t\t\t\t<i class=\"fas fa-compress-arrows-alt fa-fw fa-width-fixed d-none\" aria-hidden=\"true\"><\/i>\n\t\t\t\t\t\t<\/span>\n\t\t\t\t\t<\/div>\n\t\t\t\t\t<div class=\"wp_widget_gd_map_TopRight TopRight\"><\/div>\n\t\t\t\t\t<div id=\"wp_widget_gd_map_wrapper\" class=\"main_map_wrapper\" style=\"height:100vh;width:100%;\">\n\t\t\t\t\t\t<div class=\"iprelative position-relative\">\n\t\t\t\t\t\t\t<div id=\"wp_widget_gd_map\" class=\"geodir-map-canvas\" data-map-type=\"directory\" data-map-canvas=\"wp_widget_gd_map\" style=\"height:100vh;width:100%;z-index: 0;\" ><\/div>\n\t\t\t\t\t\t\t<div id=\"wp_widget_gd_map_loading_div\" class=\"loading_div overlay overlay-black position-absolute row m-0\" style=\"height:100vh;width:100%;top:0;z-index: 2;\">\n\t\t\t\t\t\t\t\t<div class=\"spinner-border mx-auto align-self-center text-white\" role=\"status\">\n\t\t\t\t\t\t\t\t\t<span class=\"visually-hidden\">Cargando\u2026<\/span>\n\t\t\t\t\t\t\t\t<\/div>\n\t\t\t\t\t\t\t<\/div>\n\t\t\t\t\t\t\t<div id=\"wp_widget_gd_map_map_nofound\"\n\t\t\t\t\t\t\t     class=\"advmap_nofound position-absolute row m-0 z-index-1\"\n\t\t\t\t\t\t\t     style=\"display:none;transform: translate(-50%, -50%);top:50%;left:50%;opacity: .85;pointer-events: none;\">\n\t\t\t\t\t\t\t\t<div class=\"alert alert-info text-center mx-auto align-self-center shadow-lg mb-0\">\n\t\t\t\t\t\t\t\t\t<div class='h3 alert-heading'> No se encontraron registros <\/div><p> Lo sentimos, no se encontraron registros. Ajusta tus criterios de b\u00fasqueda y vuelve a intentarlo.<\/p>\t\t\t\t\t\t\t\t<\/div>\n\t\t\t\t\t\t\t<\/div>\n\t\t\t\t\t\t\t<div id=\"wp_widget_gd_map_map_notloaded\"\n\t\t\t\t\t\t\t     class=\"advmap_notloaded position-absolute row m-0 z-index-1\"\n\t\t\t\t\t\t\t     style=\"display:none;transform: translate(-50%, -50%);top:50%;left:50%;opacity: .85;pointer-events: none;\">\n\t\t\t\t\t\t\t\t<div class=\"alert alert-danger text-center mx-auto align-self-center shadow-lg mb-0\">\n\t\t\t\t\t\t\t\t\t<div class='h3 alert-heading'> no se ha podido cargar el mapa <\/div><p> Lo sentimos, no se ha podido cargar la API de Mapas.<\/p>\t\t\t\t\t\t\t\t<\/div>\n\t\t\t\t\t\t\t<\/div>\n\t\t\t\t\t\t<\/div>\n\t\t\t\t\t<\/div>\n\t\t\t\t\t<div class=\"wp_widget_gd_map_BottomLeft BottomLeft\"><\/div>\n\t\t\t\t<\/div>\n\t\t\t<\/div><!--END map_background-->\n\t\t\t\t\t<\/div>\n\t\t<style>.geodir_map_container .poi-info-window .full-width{width:180px;position:relative;margin-left:inherit;left:inherit;}.geodir-map-canvas .gm-style img{max-width:none}<\/style>\n<script type=\"text\/javascript\">\nwindow.gdBaseLat = 0;\nwindow.gdBaseLng = 0;\nwindow.gdBaseZoom = 0;\njQuery(function ($) {\n\t\t\tjQuery('#wp_widget_gd_map').geodirLoadMap({\n\t\tmap_canvas: 'wp_widget_gd_map',\n\t\tcallback: function() {\t\t\tvar gdMapCanvas = 'wp_widget_gd_map';\n\t\t\tbuild_map_ajax_search_param(gdMapCanvas, false);\t\t\t\t\t\t\t\t\t\t\t\tvar screenH, heightVH, ptypeH = 0;\n\t\t\tscreenH = $(window).height();\n\t\t\theightVH = parseFloat('100');\n\t\t\tif ($(\"#\" + gdMapCanvas + \"_posttype_menu\").length) {\n\t\t\t\tptypeH = $(\"#\" + gdMapCanvas + \"_posttype_menu\").outerHeight();\n\t\t\t}\n\t\t\t$(\"#sticky_map_\" + gdMapCanvas).css(\"min-height\", screenH * (heightVH \/ 100) + 'px');\n\t\t\t$(\"#\" + gdMapCanvas + \"_wrapper\").height(screenH * (heightVH \/ 100) + 'px');\n\t\t\t$(\"#\" + gdMapCanvas).height(screenH * (heightVH \/ 100) + 'px');\n\t\t\t$(\"#\" + gdMapCanvas + \"_loading_div\").height(screenH * (heightVH \/ 100) + 'px');\n\t\t\t$(\"#\" + gdMapCanvas + \"_cat\").css(\"max-height\", (screenH * (heightVH \/ 100)) - ptypeH + 'px');\n\t\t\t\t\t\t}\n\t});});\n<\/script>\n\t\t\t<\/div><!--END stick_trigger_container-->\n<\/div><!--END geodir-map-wrap-->\n<style>body.stickymap_hide .stickymap{display:none!important}body.stickymap_hide .stick_trigger_container .fa-angle-right{transform:rotate(180deg)}body.body_fullscreen>.stick_trigger_container{width:100vw;height:100vh;position:fixed;z-index:50000}body.gd-google-maps .geodir-map-wrap .geodir-map-cat-filter-wrap{margin-bottom:14px!important}body.gd-osm-gmaps .geodir-map-wrap .geodir-map-cat-filter-wrap{margin-bottom:16.5px!important}<\/style>\n<\/span>\t\t\t\t<\/div>\n\t\t\t\t<\/div>\n\t\t\t\t<div class=\"elementor-element elementor-element-a128020 elementor-widget elementor-widget-text-editor\" data-id=\"a128020\" data-element_type=\"widget\" data-e-type=\"widget\" data-widget_type=\"text-editor.default\">\n\t\t\t\t<div class=\"elementor-widget-container\">\n\t\t\t\t\t\t\t\t\t<p>El mapa muestra el punto de inicio de las rutas<\/p>\t\t\t\t\t\t\t\t<\/div>\n\t\t\t\t<\/div>\n\t\t\t\t\t<\/div>\n\t\t<\/div>\n\t\t\t\t<div class=\"elementor-column elementor-col-50 elementor-top-column elementor-element elementor-element-ca15086\" data-id=\"ca15086\" data-element_type=\"column\" data-e-type=\"column\">\n\t\t\t<div class=\"elementor-widget-wrap elementor-element-populated\">\n\t\t\t\t\t\t<div class=\"elementor-element elementor-element-932895a elementor-widget elementor-widget-shortcode\" data-id=\"932895a\" data-element_type=\"widget\" data-e-type=\"widget\" data-widget_type=\"shortcode.default\">\n\t\t\t\t<div class=\"elementor-widget-container\">\n\t\t\t\t\t\t\t<div class=\"elementor-shortcode\"><div class=\"geodir-listings bsui sdel-b5201bd9\" >\t\t<div id=\"geodir_69fc05ae98198\" class=\"geodir_locations geodir_location_listing\n\t\t\t\t\t\t\t geodir-wgt-pagination geodir-wgt-pagination-bottom mb-3\t\t position-relative\">\n\t\t\t\t<div\n\t\tclass=\"row row-cols-1 row-cols-sm-2 geodir-category-list-view geodir-widget-posts geodir-gridview row-cols-md-2\">\n\t\t<div class=\"geodir-info d-block mx-1\">\n    <div class=\"alert alert-info \" role=\"alert\" ><i class=\"fas fa-info-circle\"><\/i> No se encontraron anuncios que coincidan con tu selecci\u00f3n. \u00bfAlgo falta? \u00bfPor qu\u00e9 no <a href='https:\/\/www.visitcampania.info\/es\/?page_id=11603\/places\/'> A\u00f1adir un anuncio? <\/a>.<\/div><\/div>\n\t<\/div>\n\t\t<\/div>\n\t\t<\/div><\/div>\n\t\t\t\t\t\t<\/div>\n\t\t\t\t<\/div>\n\t\t\t\t\t<\/div>\n\t\t<\/div>\n\t\t\t\t\t<\/div>\n\t\t<\/section>\n\t\t\t\t<\/div>\n\t\t","protected":false},"excerpt":{"rendered":"<p>Todo en un d\u00eda \u00bfC\u00f3mo organizar una visita a la ciudad o una peque\u00f1a excursi\u00f3n fuera de la ciudad? Aqu\u00ed est\u00e1n nuestros itinerarios de un d\u00eda para optimizar su tiempo y no perderse lo mejor del territorio. Ad\u00e1ptalos a tus necesidades y v\u00edvelos al ritmo adecuado sin olvidar una parada para tomar un caf\u00e9 en [&hellip;]<\/p>\n","protected":false},"author":1741,"featured_media":0,"parent":9293,"menu_order":0,"comment_status":"closed","ping_status":"closed","template":"","meta":{"footnotes":""},"class_list":["post-9296","page","type-page","status-publish","hentry"],"yoast_head":"<!-- This site is optimized with the Yoast SEO plugin v27.5 - https:\/\/yoast.com\/product\/yoast-seo-wordpress\/ -->\n<title>Todo en un d\u00eda | Visitcampania<\/title>\n<meta name=\"robots\" content=\"index, follow, max-snippet:-1, max-image-preview:large, max-video-preview:-1\" \/>\n<link rel=\"canonical\" href=\"https:\/\/www.visitcampania.info\/es\/los-itinerarios\/todo-en-un-dia\/\" \/>\n<meta property=\"og:locale\" content=\"es_ES\" \/>\n<meta property=\"og:type\" content=\"article\" \/>\n<meta property=\"og:title\" content=\"Todo en un d\u00eda | Visitcampania\" \/>\n<meta property=\"og:description\" content=\"Todo en un d\u00eda \u00bfC\u00f3mo organizar una visita a la ciudad o una peque\u00f1a excursi\u00f3n fuera de la ciudad? Aqu\u00ed est\u00e1n nuestros itinerarios de un d\u00eda pa\" \/>\n<meta property=\"og:url\" content=\"https:\/\/www.visitcampania.info\/es\/los-itinerarios\/todo-en-un-dia\/\" \/>\n<meta property=\"og:site_name\" content=\"Visitcampania\" \/>\n<meta property=\"article:publisher\" content=\"https:\/\/www.facebook.com\/Visitcampaniainfo-106072171934565\/?ref=pages_you_manage\" \/>\n<meta property=\"article:modified_time\" content=\"2025-03-19T15:52:05+00:00\" \/>\n<meta name=\"twitter:card\" content=\"summary_large_image\" \/>\n<meta name=\"twitter:site\" content=\"@visitcampania21\" \/>\n<meta name=\"twitter:label1\" content=\"Tiempo de lectura\" \/>\n\t<meta name=\"twitter:data1\" content=\"1 minuto\" \/>\n<script type=\"application\/ld+json\" class=\"yoast-schema-graph\">{\"@context\":\"https:\\\/\\\/schema.org\",\"@graph\":[{\"@type\":\"WebPage\",\"@id\":\"https:\\\/\\\/www.visitcampania.info\\\/es\\\/los-itinerarios\\\/todo-en-un-dia\\\/\",\"url\":\"https:\\\/\\\/www.visitcampania.info\\\/es\\\/los-itinerarios\\\/todo-en-un-dia\\\/\",\"name\":\"Todo en un d\u00eda | Visitcampania\",\"isPartOf\":{\"@id\":\"https:\\\/\\\/www.visitcampania.info\\\/#website\"},\"datePublished\":\"2023-08-02T16:11:45+00:00\",\"dateModified\":\"2025-03-19T15:52:05+00:00\",\"breadcrumb\":{\"@id\":\"https:\\\/\\\/www.visitcampania.info\\\/es\\\/los-itinerarios\\\/todo-en-un-dia\\\/#breadcrumb\"},\"inLanguage\":\"es\",\"potentialAction\":[{\"@type\":\"ReadAction\",\"target\":[\"https:\\\/\\\/www.visitcampania.info\\\/es\\\/los-itinerarios\\\/todo-en-un-dia\\\/\"]}]},{\"@type\":\"BreadcrumbList\",\"@id\":\"https:\\\/\\\/www.visitcampania.info\\\/es\\\/los-itinerarios\\\/todo-en-un-dia\\\/#breadcrumb\",\"itemListElement\":[{\"@type\":\"ListItem\",\"position\":1,\"name\":\"Home\",\"item\":\"https:\\\/\\\/www.visitcampania.info\\\/es\\\/hogar\\\/\"},{\"@type\":\"ListItem\",\"position\":2,\"name\":\"Itinerarios\",\"item\":\"https:\\\/\\\/www.visitcampania.info\\\/es\\\/los-itinerarios\\\/\"},{\"@type\":\"ListItem\",\"position\":3,\"name\":\"Todo en un d\u00eda\"}]},{\"@type\":\"WebSite\",\"@id\":\"https:\\\/\\\/www.visitcampania.info\\\/#website\",\"url\":\"https:\\\/\\\/www.visitcampania.info\\\/\",\"name\":\"Visitcampania\",\"description\":\"Lasciati guidare\",\"publisher\":{\"@id\":\"https:\\\/\\\/www.visitcampania.info\\\/#organization\"},\"potentialAction\":[{\"@type\":\"SearchAction\",\"target\":{\"@type\":\"EntryPoint\",\"urlTemplate\":\"https:\\\/\\\/www.visitcampania.info\\\/?s={search_term_string}\"},\"query-input\":{\"@type\":\"PropertyValueSpecification\",\"valueRequired\":true,\"valueName\":\"search_term_string\"}}],\"inLanguage\":\"es\"},{\"@type\":\"Organization\",\"@id\":\"https:\\\/\\\/www.visitcampania.info\\\/#organization\",\"name\":\"visitcampania\",\"url\":\"https:\\\/\\\/www.visitcampania.info\\\/\",\"logo\":{\"@type\":\"ImageObject\",\"inLanguage\":\"es\",\"@id\":\"https:\\\/\\\/www.visitcampania.info\\\/#\\\/schema\\\/logo\\\/image\\\/\",\"url\":\"https:\\\/\\\/www.visitcampania.info\\\/wp-content\\\/uploads\\\/2022\\\/05\\\/visitcampania.info_-1.jpg\",\"contentUrl\":\"https:\\\/\\\/www.visitcampania.info\\\/wp-content\\\/uploads\\\/2022\\\/05\\\/visitcampania.info_-1.jpg\",\"width\":1618,\"height\":529,\"caption\":\"visitcampania\"},\"image\":{\"@id\":\"https:\\\/\\\/www.visitcampania.info\\\/#\\\/schema\\\/logo\\\/image\\\/\"},\"sameAs\":[\"https:\\\/\\\/www.facebook.com\\\/Visitcampaniainfo-106072171934565\\\/?ref=pages_you_manage\",\"https:\\\/\\\/x.com\\\/visitcampania21\"]}]}<\/script>\n<!-- \/ Yoast SEO plugin. -->","yoast_head_json":{"title":"Todo en un d\u00eda | Visitcampania","robots":{"index":"index","follow":"follow","max-snippet":"max-snippet:-1","max-image-preview":"max-image-preview:large","max-video-preview":"max-video-preview:-1"},"canonical":"https:\/\/www.visitcampania.info\/es\/los-itinerarios\/todo-en-un-dia\/","og_locale":"es_ES","og_type":"article","og_title":"Todo en un d\u00eda | Visitcampania","og_description":"Todo en un d\u00eda \u00bfC\u00f3mo organizar una visita a la ciudad o una peque\u00f1a excursi\u00f3n fuera de la ciudad? Aqu\u00ed est\u00e1n nuestros itinerarios de un d\u00eda pa","og_url":"https:\/\/www.visitcampania.info\/es\/los-itinerarios\/todo-en-un-dia\/","og_site_name":"Visitcampania","article_publisher":"https:\/\/www.facebook.com\/Visitcampaniainfo-106072171934565\/?ref=pages_you_manage","article_modified_time":"2025-03-19T15:52:05+00:00","twitter_card":"summary_large_image","twitter_site":"@visitcampania21","twitter_misc":{"Tiempo de lectura":"1 minuto"},"schema":{"@context":"https:\/\/schema.org","@graph":[{"@type":"WebPage","@id":"https:\/\/www.visitcampania.info\/es\/los-itinerarios\/todo-en-un-dia\/","url":"https:\/\/www.visitcampania.info\/es\/los-itinerarios\/todo-en-un-dia\/","name":"Todo en un d\u00eda | Visitcampania","isPartOf":{"@id":"https:\/\/www.visitcampania.info\/#website"},"datePublished":"2023-08-02T16:11:45+00:00","dateModified":"2025-03-19T15:52:05+00:00","breadcrumb":{"@id":"https:\/\/www.visitcampania.info\/es\/los-itinerarios\/todo-en-un-dia\/#breadcrumb"},"inLanguage":"es","potentialAction":[{"@type":"ReadAction","target":["https:\/\/www.visitcampania.info\/es\/los-itinerarios\/todo-en-un-dia\/"]}]},{"@type":"BreadcrumbList","@id":"https:\/\/www.visitcampania.info\/es\/los-itinerarios\/todo-en-un-dia\/#breadcrumb","itemListElement":[{"@type":"ListItem","position":1,"name":"Home","item":"https:\/\/www.visitcampania.info\/es\/hogar\/"},{"@type":"ListItem","position":2,"name":"Itinerarios","item":"https:\/\/www.visitcampania.info\/es\/los-itinerarios\/"},{"@type":"ListItem","position":3,"name":"Todo en un d\u00eda"}]},{"@type":"WebSite","@id":"https:\/\/www.visitcampania.info\/#website","url":"https:\/\/www.visitcampania.info\/","name":"Visitcampania","description":"Lasciati guidare","publisher":{"@id":"https:\/\/www.visitcampania.info\/#organization"},"potentialAction":[{"@type":"SearchAction","target":{"@type":"EntryPoint","urlTemplate":"https:\/\/www.visitcampania.info\/?s={search_term_string}"},"query-input":{"@type":"PropertyValueSpecification","valueRequired":true,"valueName":"search_term_string"}}],"inLanguage":"es"},{"@type":"Organization","@id":"https:\/\/www.visitcampania.info\/#organization","name":"visitcampania","url":"https:\/\/www.visitcampania.info\/","logo":{"@type":"ImageObject","inLanguage":"es","@id":"https:\/\/www.visitcampania.info\/#\/schema\/logo\/image\/","url":"https:\/\/www.visitcampania.info\/wp-content\/uploads\/2022\/05\/visitcampania.info_-1.jpg","contentUrl":"https:\/\/www.visitcampania.info\/wp-content\/uploads\/2022\/05\/visitcampania.info_-1.jpg","width":1618,"height":529,"caption":"visitcampania"},"image":{"@id":"https:\/\/www.visitcampania.info\/#\/schema\/logo\/image\/"},"sameAs":["https:\/\/www.facebook.com\/Visitcampaniainfo-106072171934565\/?ref=pages_you_manage","https:\/\/x.com\/visitcampania21"]}]}},"_links":{"self":[{"href":"https:\/\/www.visitcampania.info\/es\/wp-json\/wp\/v2\/pages\/9296","targetHints":{"allow":["GET"]}}],"collection":[{"href":"https:\/\/www.visitcampania.info\/es\/wp-json\/wp\/v2\/pages"}],"about":[{"href":"https:\/\/www.visitcampania.info\/es\/wp-json\/wp\/v2\/types\/page"}],"author":[{"embeddable":true,"href":"https:\/\/www.visitcampania.info\/es\/wp-json\/wp\/v2\/users\/1741"}],"replies":[{"embeddable":true,"href":"https:\/\/www.visitcampania.info\/es\/wp-json\/wp\/v2\/comments?post=9296"}],"version-history":[{"count":0,"href":"https:\/\/www.visitcampania.info\/es\/wp-json\/wp\/v2\/pages\/9296\/revisions"}],"up":[{"embeddable":true,"href":"https:\/\/www.visitcampania.info\/es\/wp-json\/wp\/v2\/pages\/9293"}],"wp:attachment":[{"href":"https:\/\/www.visitcampania.info\/es\/wp-json\/wp\/v2\/media?parent=9296"}],"curies":[{"name":"wp","href":"https:\/\/api.w.org\/{rel}","templated":true}]}}