{"id":9322,"date":"2023-08-02T18:44:23","date_gmt":"2023-08-02T16:44:23","guid":{"rendered":"https:\/\/www.visitcampania.info\/le-tipicidad\/artesania\/"},"modified":"2025-03-19T16:50:24","modified_gmt":"2025-03-19T15:50:24","slug":"artesania","status":"publish","type":"page","link":"https:\/\/www.visitcampania.info\/es\/le-tipicidad\/artesania\/","title":{"rendered":"Artesan\u00eda"},"content":{"rendered":"\t\t<div data-elementor-type=\"wp-page\" data-elementor-id=\"9322\" class=\"elementor elementor-9322 elementor-1908\" data-elementor-post-type=\"page\">\n\t\t\t\t\t\t<section data-dce-background-image-url=\"https:\/\/www.visitcampania.info\/wp-content\/uploads\/2021\/11\/artigianato2.jpg\" class=\"elementor-section elementor-top-section elementor-element elementor-element-b8a0f74 elementor-section-height-min-height elementor-section-boxed elementor-section-height-default elementor-section-items-middle\" data-id=\"b8a0f74\" data-element_type=\"section\" data-e-type=\"section\" data-settings=\"{&quot;background_background&quot;:&quot;classic&quot;}\">\n\t\t\t\t\t\t<div class=\"elementor-container elementor-column-gap-default\">\n\t\t\t\t\t<div class=\"elementor-column elementor-col-100 elementor-top-column elementor-element elementor-element-af8649b\" data-id=\"af8649b\" data-element_type=\"column\" data-e-type=\"column\" data-settings=\"{&quot;background_background&quot;:&quot;classic&quot;}\">\n\t\t\t<div class=\"elementor-widget-wrap elementor-element-populated\">\n\t\t\t\t\t<div class=\"elementor-background-overlay\"><\/div>\n\t\t\t\t\t\t<div class=\"elementor-element elementor-element-06e357c elementor-widget elementor-widget-heading\" data-id=\"06e357c\" data-element_type=\"widget\" data-e-type=\"widget\" data-widget_type=\"heading.default\">\n\t\t\t\t<div class=\"elementor-widget-container\">\n\t\t\t\t\t<h1 class=\"elementor-heading-title elementor-size-default\">Artesan\u00eda<\/h1>\t\t\t\t<\/div>\n\t\t\t\t<\/div>\n\t\t\t\t\t<\/div>\n\t\t<\/div>\n\t\t\t\t\t<\/div>\n\t\t<\/section>\n\t\t\t\t<section class=\"elementor-section elementor-top-section elementor-element elementor-element-95c8300 elementor-section-boxed elementor-section-height-default elementor-section-height-default\" data-id=\"95c8300\" data-element_type=\"section\" data-e-type=\"section\">\n\t\t\t\t\t\t<div class=\"elementor-container elementor-column-gap-default\">\n\t\t\t\t\t<div class=\"elementor-column elementor-col-100 elementor-top-column elementor-element elementor-element-01f7ea6\" data-id=\"01f7ea6\" data-element_type=\"column\" data-e-type=\"column\">\n\t\t\t<div class=\"elementor-widget-wrap elementor-element-populated\">\n\t\t\t\t\t\t<div class=\"elementor-element elementor-element-6fe0684 elementor-widget elementor-widget-breadcrumbs\" data-id=\"6fe0684\" data-element_type=\"widget\" data-e-type=\"widget\" data-widget_type=\"breadcrumbs.default\">\n\t\t\t\t<div class=\"elementor-widget-container\">\n\t\t\t\t\t<p id=\"breadcrumbs\"><span><span><a href=\"https:\/\/www.visitcampania.info\/es\/hogar\/\">Home<\/a><\/span><\/span><\/p>\t\t\t\t<\/div>\n\t\t\t\t<\/div>\n\t\t\t\t\t<\/div>\n\t\t<\/div>\n\t\t\t\t\t<\/div>\n\t\t<\/section>\n\t\t\t\t<section class=\"elementor-section elementor-top-section elementor-element elementor-element-fc44746 elementor-section-boxed elementor-section-height-default elementor-section-height-default\" data-id=\"fc44746\" data-element_type=\"section\" data-e-type=\"section\">\n\t\t\t\t\t\t<div class=\"elementor-container elementor-column-gap-default\">\n\t\t\t\t\t<div class=\"elementor-column elementor-col-100 elementor-top-column elementor-element elementor-element-d7b1840\" data-id=\"d7b1840\" data-element_type=\"column\" data-e-type=\"column\">\n\t\t\t<div class=\"elementor-widget-wrap elementor-element-populated\">\n\t\t\t\t\t\t<div class=\"elementor-element elementor-element-791774a elementor-widget elementor-widget-text-editor\" data-id=\"791774a\" data-element_type=\"widget\" data-e-type=\"widget\" data-widget_type=\"text-editor.default\">\n\t\t\t\t<div class=\"elementor-widget-container\">\n\t\t\t\t\t\t\t\t\t<p>Descubrir la artesan\u00eda puede ser una excelente manera de profundizar en la cultura y las tradiciones locales y hacer <strong>compras de calidad<\/strong>. Campania sobresale sobre todo por el <strong>arte de la cuna napolitana<\/strong>, el procesamiento de la seda de San Leucio, la <strong>incrustaci\u00f3n<\/strong> de Sorrento, la <strong>orfebrer\u00eda<\/strong>, la <strong>cer\u00e1mica<\/strong> y el <strong>procesamiento de<\/strong> <strong>coral<\/strong>. Sin embargo, m\u00e1s all\u00e1 de las tradiciones m\u00e1s antiguas, en esta secci\u00f3n tambi\u00e9n queremos ofrecerte <strong>otras producciones artesanales menos conocidas<\/strong> pero a\u00fan caracter\u00edsticas de territorios espec\u00edficos.<\/p>\t\t\t\t\t\t\t\t<\/div>\n\t\t\t\t<\/div>\n\t\t\t\t\t<\/div>\n\t\t<\/div>\n\t\t\t\t\t<\/div>\n\t\t<\/section>\n\t\t\t\t<section class=\"elementor-section elementor-top-section elementor-element elementor-element-e1087ec elementor-hidden-tablet elementor-hidden-mobile elementor-section-boxed elementor-section-height-default elementor-section-height-default\" data-id=\"e1087ec\" data-element_type=\"section\" data-e-type=\"section\">\n\t\t\t\t\t\t<div class=\"elementor-container elementor-column-gap-default\">\n\t\t\t\t\t<div class=\"elementor-column elementor-col-33 elementor-top-column elementor-element elementor-element-9808050\" data-id=\"9808050\" data-element_type=\"column\" data-e-type=\"column\">\n\t\t\t<div class=\"elementor-widget-wrap elementor-element-populated\">\n\t\t\t\t\t\t<div class=\"elementor-element elementor-element-cadf636 dce_masking-none elementor-widget elementor-widget-image\" data-id=\"cadf636\" data-element_type=\"widget\" data-e-type=\"widget\" data-widget_type=\"image.default\">\n\t\t\t\t<div class=\"elementor-widget-container\">\n\t\t\t\t\t\t\t\t\t\t\t\t\t\t\t<img fetchpriority=\"high\" decoding=\"async\" width=\"800\" height=\"534\" src=\"https:\/\/www.visitcampania.info\/wp-content\/uploads\/2022\/10\/artigianato-1.jpg\" class=\"attachment-large size-large wp-image-9120\" alt=\"\" srcset=\"https:\/\/www.visitcampania.info\/wp-content\/uploads\/2022\/10\/artigianato-1.jpg 1024w, https:\/\/www.visitcampania.info\/wp-content\/uploads\/2022\/10\/artigianato-1-300x200.jpg 300w, https:\/\/www.visitcampania.info\/wp-content\/uploads\/2022\/10\/artigianato-1-768x512.jpg 768w\" sizes=\"(max-width: 800px) 100vw, 800px\" \/>\t\t\t\t\t\t\t\t\t\t\t\t\t\t\t<\/div>\n\t\t\t\t<\/div>\n\t\t\t\t\t<\/div>\n\t\t<\/div>\n\t\t\t\t<div class=\"elementor-column elementor-col-33 elementor-top-column elementor-element elementor-element-8773bda\" data-id=\"8773bda\" data-element_type=\"column\" data-e-type=\"column\">\n\t\t\t<div class=\"elementor-widget-wrap elementor-element-populated\">\n\t\t\t\t\t\t<div class=\"elementor-element elementor-element-af60d7c dce_masking-none elementor-widget elementor-widget-image\" data-id=\"af60d7c\" data-element_type=\"widget\" data-e-type=\"widget\" data-widget_type=\"image.default\">\n\t\t\t\t<div class=\"elementor-widget-container\">\n\t\t\t\t\t\t\t\t\t\t\t\t\t\t\t<img decoding=\"async\" width=\"640\" height=\"426\" src=\"https:\/\/www.visitcampania.info\/wp-content\/uploads\/2022\/10\/artigianato-2-2.jpg\" class=\"attachment-large size-large wp-image-9123\" alt=\"\" srcset=\"https:\/\/www.visitcampania.info\/wp-content\/uploads\/2022\/10\/artigianato-2-2.jpg 640w, https:\/\/www.visitcampania.info\/wp-content\/uploads\/2022\/10\/artigianato-2-2-300x200.jpg 300w\" sizes=\"(max-width: 640px) 100vw, 640px\" \/>\t\t\t\t\t\t\t\t\t\t\t\t\t\t\t<\/div>\n\t\t\t\t<\/div>\n\t\t\t\t\t<\/div>\n\t\t<\/div>\n\t\t\t\t<div class=\"elementor-column elementor-col-33 elementor-top-column elementor-element elementor-element-554b2af\" data-id=\"554b2af\" data-element_type=\"column\" data-e-type=\"column\">\n\t\t\t<div class=\"elementor-widget-wrap elementor-element-populated\">\n\t\t\t\t\t\t<div class=\"elementor-element elementor-element-197d51c dce_masking-none elementor-widget elementor-widget-image\" data-id=\"197d51c\" data-element_type=\"widget\" data-e-type=\"widget\" data-widget_type=\"image.default\">\n\t\t\t\t<div class=\"elementor-widget-container\">\n\t\t\t\t\t\t\t\t\t\t\t\t\t\t\t<img decoding=\"async\" width=\"800\" height=\"533\" src=\"https:\/\/www.visitcampania.info\/wp-content\/uploads\/2022\/10\/artigianato-3.jpg\" class=\"attachment-large size-large wp-image-9124\" alt=\"\" srcset=\"https:\/\/www.visitcampania.info\/wp-content\/uploads\/2022\/10\/artigianato-3.jpg 800w, https:\/\/www.visitcampania.info\/wp-content\/uploads\/2022\/10\/artigianato-3-300x200.jpg 300w, https:\/\/www.visitcampania.info\/wp-content\/uploads\/2022\/10\/artigianato-3-768x512.jpg 768w\" sizes=\"(max-width: 800px) 100vw, 800px\" \/>\t\t\t\t\t\t\t\t\t\t\t\t\t\t\t<\/div>\n\t\t\t\t<\/div>\n\t\t\t\t\t<\/div>\n\t\t<\/div>\n\t\t\t\t\t<\/div>\n\t\t<\/section>\n\t\t\t\t<section class=\"elementor-section elementor-top-section elementor-element elementor-element-f8e20a0 elementor-section-boxed elementor-section-height-default elementor-section-height-default\" data-id=\"f8e20a0\" data-element_type=\"section\" data-e-type=\"section\">\n\t\t\t\t\t\t<div class=\"elementor-container elementor-column-gap-default\">\n\t\t\t\t\t<div class=\"elementor-column elementor-col-100 elementor-top-column elementor-element elementor-element-65bf027\" data-id=\"65bf027\" data-element_type=\"column\" data-e-type=\"column\">\n\t\t\t<div class=\"elementor-widget-wrap elementor-element-populated\">\n\t\t\t\t\t\t<div class=\"elementor-element elementor-element-7313af2 elementor-widget-divider--view-line elementor-widget elementor-widget-divider\" data-id=\"7313af2\" data-element_type=\"widget\" data-e-type=\"widget\" data-widget_type=\"divider.default\">\n\t\t\t\t<div class=\"elementor-widget-container\">\n\t\t\t\t\t\t\t<div class=\"elementor-divider\">\n\t\t\t<span class=\"elementor-divider-separator\">\n\t\t\t\t\t\t<\/span>\n\t\t<\/div>\n\t\t\t\t\t\t<\/div>\n\t\t\t\t<\/div>\n\t\t\t\t\t<\/div>\n\t\t<\/div>\n\t\t\t\t\t<\/div>\n\t\t<\/section>\n\t\t\t\t<section class=\"elementor-section elementor-top-section elementor-element elementor-element-3b55cf7 elementor-section-boxed elementor-section-height-default elementor-section-height-default\" data-id=\"3b55cf7\" data-element_type=\"section\" data-e-type=\"section\">\n\t\t\t\t\t\t<div class=\"elementor-container elementor-column-gap-default\">\n\t\t\t\t\t<div class=\"elementor-column elementor-col-100 elementor-top-column elementor-element elementor-element-1b0c0c4\" data-id=\"1b0c0c4\" data-element_type=\"column\" data-e-type=\"column\">\n\t\t\t<div class=\"elementor-widget-wrap elementor-element-populated\">\n\t\t\t\t\t\t<div class=\"elementor-element elementor-element-35c2b9e elementor-widget elementor-widget-shortcode\" data-id=\"35c2b9e\" data-element_type=\"widget\" data-e-type=\"widget\" data-widget_type=\"shortcode.default\">\n\t\t\t\t<div class=\"elementor-widget-container\">\n\t\t\t\t\t\t\t<div class=\"elementor-shortcode\"><\/div>\n\t\t\t\t\t\t<\/div>\n\t\t\t\t<\/div>\n\t\t\t\t\t<\/div>\n\t\t<\/div>\n\t\t\t\t\t<\/div>\n\t\t<\/section>\n\t\t\t\t<\/div>\n\t\t","protected":false},"excerpt":{"rendered":"<p>Artesan\u00eda Descubrir la artesan\u00eda puede ser una excelente manera de profundizar en la cultura y las tradiciones locales y hacer compras de calidad. Campania sobresale sobre todo por el arte de la cuna napolitana, el procesamiento de la seda de San Leucio, la incrustaci\u00f3n de Sorrento, la orfebrer\u00eda, la cer\u00e1mica y el procesamiento de coral. [&hellip;]<\/p>\n","protected":false},"author":1741,"featured_media":0,"parent":9321,"menu_order":0,"comment_status":"closed","ping_status":"closed","template":"","meta":{"footnotes":""},"class_list":["post-9322","page","type-page","status-publish","hentry"],"yoast_head":"<!-- This site is optimized with the Yoast SEO plugin v27.5 - https:\/\/yoast.com\/product\/yoast-seo-wordpress\/ -->\n<title>Artesan\u00eda | Visitcampania<\/title>\n<meta name=\"robots\" content=\"index, follow, max-snippet:-1, max-image-preview:large, max-video-preview:-1\" \/>\n<link rel=\"canonical\" href=\"https:\/\/www.visitcampania.info\/es\/le-tipicidad\/artesania\/\" \/>\n<meta property=\"og:locale\" content=\"es_ES\" \/>\n<meta property=\"og:type\" content=\"article\" \/>\n<meta property=\"og:title\" content=\"Artesan\u00eda | Visitcampania\" \/>\n<meta property=\"og:description\" content=\"Artesan\u00eda Descubrir la artesan\u00eda puede ser una excelente manera de profundizar en la cultura y las tradiciones locales y hacer compras de calidad. C\" \/>\n<meta property=\"og:url\" content=\"https:\/\/www.visitcampania.info\/es\/le-tipicidad\/artesania\/\" \/>\n<meta property=\"og:site_name\" content=\"Visitcampania\" \/>\n<meta property=\"article:publisher\" content=\"https:\/\/www.facebook.com\/Visitcampaniainfo-106072171934565\/?ref=pages_you_manage\" \/>\n<meta property=\"article:modified_time\" content=\"2025-03-19T15:50:24+00:00\" \/>\n<meta property=\"og:image\" content=\"https:\/\/www.visitcampania.info\/wp-content\/uploads\/2022\/10\/artigianato-1.jpg\" \/>\n\t<meta property=\"og:image:width\" content=\"1024\" \/>\n\t<meta property=\"og:image:height\" content=\"683\" \/>\n\t<meta property=\"og:image:type\" content=\"image\/jpeg\" \/>\n<meta name=\"twitter:card\" content=\"summary_large_image\" \/>\n<meta name=\"twitter:site\" content=\"@visitcampania21\" \/>\n<meta name=\"twitter:label1\" content=\"Tiempo de lectura\" \/>\n\t<meta name=\"twitter:data1\" content=\"1 minuto\" \/>\n<script type=\"application\/ld+json\" class=\"yoast-schema-graph\">{\"@context\":\"https:\\\/\\\/schema.org\",\"@graph\":[{\"@type\":\"WebPage\",\"@id\":\"https:\\\/\\\/www.visitcampania.info\\\/es\\\/le-tipicidad\\\/artesania\\\/\",\"url\":\"https:\\\/\\\/www.visitcampania.info\\\/es\\\/le-tipicidad\\\/artesania\\\/\",\"name\":\"Artesan\u00eda | Visitcampania\",\"isPartOf\":{\"@id\":\"https:\\\/\\\/www.visitcampania.info\\\/#website\"},\"primaryImageOfPage\":{\"@id\":\"https:\\\/\\\/www.visitcampania.info\\\/es\\\/le-tipicidad\\\/artesania\\\/#primaryimage\"},\"image\":{\"@id\":\"https:\\\/\\\/www.visitcampania.info\\\/es\\\/le-tipicidad\\\/artesania\\\/#primaryimage\"},\"thumbnailUrl\":\"https:\\\/\\\/www.visitcampania.info\\\/wp-content\\\/uploads\\\/2022\\\/10\\\/artigianato-1.jpg\",\"datePublished\":\"2023-08-02T16:44:23+00:00\",\"dateModified\":\"2025-03-19T15:50:24+00:00\",\"breadcrumb\":{\"@id\":\"https:\\\/\\\/www.visitcampania.info\\\/es\\\/le-tipicidad\\\/artesania\\\/#breadcrumb\"},\"inLanguage\":\"es\",\"potentialAction\":[{\"@type\":\"ReadAction\",\"target\":[\"https:\\\/\\\/www.visitcampania.info\\\/es\\\/le-tipicidad\\\/artesania\\\/\"]}]},{\"@type\":\"ImageObject\",\"inLanguage\":\"es\",\"@id\":\"https:\\\/\\\/www.visitcampania.info\\\/es\\\/le-tipicidad\\\/artesania\\\/#primaryimage\",\"url\":\"https:\\\/\\\/www.visitcampania.info\\\/wp-content\\\/uploads\\\/2022\\\/10\\\/artigianato-1.jpg\",\"contentUrl\":\"https:\\\/\\\/www.visitcampania.info\\\/wp-content\\\/uploads\\\/2022\\\/10\\\/artigianato-1.jpg\"},{\"@type\":\"BreadcrumbList\",\"@id\":\"https:\\\/\\\/www.visitcampania.info\\\/es\\\/le-tipicidad\\\/artesania\\\/#breadcrumb\",\"itemListElement\":[{\"@type\":\"ListItem\",\"position\":1,\"name\":\"Home\",\"item\":\"https:\\\/\\\/www.visitcampania.info\\\/es\\\/hogar\\\/\"},{\"@type\":\"ListItem\",\"position\":2,\"name\":\"Tipicidad\",\"item\":\"https:\\\/\\\/www.visitcampania.info\\\/es\\\/le-tipicidad\\\/\"},{\"@type\":\"ListItem\",\"position\":3,\"name\":\"Artesan\u00eda\"}]},{\"@type\":\"WebSite\",\"@id\":\"https:\\\/\\\/www.visitcampania.info\\\/#website\",\"url\":\"https:\\\/\\\/www.visitcampania.info\\\/\",\"name\":\"Visitcampania\",\"description\":\"Lasciati guidare\",\"publisher\":{\"@id\":\"https:\\\/\\\/www.visitcampania.info\\\/#organization\"},\"potentialAction\":[{\"@type\":\"SearchAction\",\"target\":{\"@type\":\"EntryPoint\",\"urlTemplate\":\"https:\\\/\\\/www.visitcampania.info\\\/?s={search_term_string}\"},\"query-input\":{\"@type\":\"PropertyValueSpecification\",\"valueRequired\":true,\"valueName\":\"search_term_string\"}}],\"inLanguage\":\"es\"},{\"@type\":\"Organization\",\"@id\":\"https:\\\/\\\/www.visitcampania.info\\\/#organization\",\"name\":\"visitcampania\",\"url\":\"https:\\\/\\\/www.visitcampania.info\\\/\",\"logo\":{\"@type\":\"ImageObject\",\"inLanguage\":\"es\",\"@id\":\"https:\\\/\\\/www.visitcampania.info\\\/#\\\/schema\\\/logo\\\/image\\\/\",\"url\":\"https:\\\/\\\/www.visitcampania.info\\\/wp-content\\\/uploads\\\/2022\\\/05\\\/visitcampania.info_-1.jpg\",\"contentUrl\":\"https:\\\/\\\/www.visitcampania.info\\\/wp-content\\\/uploads\\\/2022\\\/05\\\/visitcampania.info_-1.jpg\",\"width\":1618,\"height\":529,\"caption\":\"visitcampania\"},\"image\":{\"@id\":\"https:\\\/\\\/www.visitcampania.info\\\/#\\\/schema\\\/logo\\\/image\\\/\"},\"sameAs\":[\"https:\\\/\\\/www.facebook.com\\\/Visitcampaniainfo-106072171934565\\\/?ref=pages_you_manage\",\"https:\\\/\\\/x.com\\\/visitcampania21\"]}]}<\/script>\n<!-- \/ Yoast SEO plugin. -->","yoast_head_json":{"title":"Artesan\u00eda | Visitcampania","robots":{"index":"index","follow":"follow","max-snippet":"max-snippet:-1","max-image-preview":"max-image-preview:large","max-video-preview":"max-video-preview:-1"},"canonical":"https:\/\/www.visitcampania.info\/es\/le-tipicidad\/artesania\/","og_locale":"es_ES","og_type":"article","og_title":"Artesan\u00eda | Visitcampania","og_description":"Artesan\u00eda Descubrir la artesan\u00eda puede ser una excelente manera de profundizar en la cultura y las tradiciones locales y hacer compras de calidad. C","og_url":"https:\/\/www.visitcampania.info\/es\/le-tipicidad\/artesania\/","og_site_name":"Visitcampania","article_publisher":"https:\/\/www.facebook.com\/Visitcampaniainfo-106072171934565\/?ref=pages_you_manage","article_modified_time":"2025-03-19T15:50:24+00:00","og_image":[{"width":1024,"height":683,"url":"https:\/\/www.visitcampania.info\/wp-content\/uploads\/2022\/10\/artigianato-1.jpg","type":"image\/jpeg"}],"twitter_card":"summary_large_image","twitter_site":"@visitcampania21","twitter_misc":{"Tiempo de lectura":"1 minuto"},"schema":{"@context":"https:\/\/schema.org","@graph":[{"@type":"WebPage","@id":"https:\/\/www.visitcampania.info\/es\/le-tipicidad\/artesania\/","url":"https:\/\/www.visitcampania.info\/es\/le-tipicidad\/artesania\/","name":"Artesan\u00eda | Visitcampania","isPartOf":{"@id":"https:\/\/www.visitcampania.info\/#website"},"primaryImageOfPage":{"@id":"https:\/\/www.visitcampania.info\/es\/le-tipicidad\/artesania\/#primaryimage"},"image":{"@id":"https:\/\/www.visitcampania.info\/es\/le-tipicidad\/artesania\/#primaryimage"},"thumbnailUrl":"https:\/\/www.visitcampania.info\/wp-content\/uploads\/2022\/10\/artigianato-1.jpg","datePublished":"2023-08-02T16:44:23+00:00","dateModified":"2025-03-19T15:50:24+00:00","breadcrumb":{"@id":"https:\/\/www.visitcampania.info\/es\/le-tipicidad\/artesania\/#breadcrumb"},"inLanguage":"es","potentialAction":[{"@type":"ReadAction","target":["https:\/\/www.visitcampania.info\/es\/le-tipicidad\/artesania\/"]}]},{"@type":"ImageObject","inLanguage":"es","@id":"https:\/\/www.visitcampania.info\/es\/le-tipicidad\/artesania\/#primaryimage","url":"https:\/\/www.visitcampania.info\/wp-content\/uploads\/2022\/10\/artigianato-1.jpg","contentUrl":"https:\/\/www.visitcampania.info\/wp-content\/uploads\/2022\/10\/artigianato-1.jpg"},{"@type":"BreadcrumbList","@id":"https:\/\/www.visitcampania.info\/es\/le-tipicidad\/artesania\/#breadcrumb","itemListElement":[{"@type":"ListItem","position":1,"name":"Home","item":"https:\/\/www.visitcampania.info\/es\/hogar\/"},{"@type":"ListItem","position":2,"name":"Tipicidad","item":"https:\/\/www.visitcampania.info\/es\/le-tipicidad\/"},{"@type":"ListItem","position":3,"name":"Artesan\u00eda"}]},{"@type":"WebSite","@id":"https:\/\/www.visitcampania.info\/#website","url":"https:\/\/www.visitcampania.info\/","name":"Visitcampania","description":"Lasciati guidare","publisher":{"@id":"https:\/\/www.visitcampania.info\/#organization"},"potentialAction":[{"@type":"SearchAction","target":{"@type":"EntryPoint","urlTemplate":"https:\/\/www.visitcampania.info\/?s={search_term_string}"},"query-input":{"@type":"PropertyValueSpecification","valueRequired":true,"valueName":"search_term_string"}}],"inLanguage":"es"},{"@type":"Organization","@id":"https:\/\/www.visitcampania.info\/#organization","name":"visitcampania","url":"https:\/\/www.visitcampania.info\/","logo":{"@type":"ImageObject","inLanguage":"es","@id":"https:\/\/www.visitcampania.info\/#\/schema\/logo\/image\/","url":"https:\/\/www.visitcampania.info\/wp-content\/uploads\/2022\/05\/visitcampania.info_-1.jpg","contentUrl":"https:\/\/www.visitcampania.info\/wp-content\/uploads\/2022\/05\/visitcampania.info_-1.jpg","width":1618,"height":529,"caption":"visitcampania"},"image":{"@id":"https:\/\/www.visitcampania.info\/#\/schema\/logo\/image\/"},"sameAs":["https:\/\/www.facebook.com\/Visitcampaniainfo-106072171934565\/?ref=pages_you_manage","https:\/\/x.com\/visitcampania21"]}]}},"_links":{"self":[{"href":"https:\/\/www.visitcampania.info\/es\/wp-json\/wp\/v2\/pages\/9322","targetHints":{"allow":["GET"]}}],"collection":[{"href":"https:\/\/www.visitcampania.info\/es\/wp-json\/wp\/v2\/pages"}],"about":[{"href":"https:\/\/www.visitcampania.info\/es\/wp-json\/wp\/v2\/types\/page"}],"author":[{"embeddable":true,"href":"https:\/\/www.visitcampania.info\/es\/wp-json\/wp\/v2\/users\/1741"}],"replies":[{"embeddable":true,"href":"https:\/\/www.visitcampania.info\/es\/wp-json\/wp\/v2\/comments?post=9322"}],"version-history":[{"count":0,"href":"https:\/\/www.visitcampania.info\/es\/wp-json\/wp\/v2\/pages\/9322\/revisions"}],"up":[{"embeddable":true,"href":"https:\/\/www.visitcampania.info\/es\/wp-json\/wp\/v2\/pages\/9321"}],"wp:attachment":[{"href":"https:\/\/www.visitcampania.info\/es\/wp-json\/wp\/v2\/media?parent=9322"}],"curies":[{"name":"wp","href":"https:\/\/api.w.org\/{rel}","templated":true}]}}