{"id":7201,"date":"2023-04-27T09:57:21","date_gmt":"2023-04-27T07:57:21","guid":{"rendered":"https:\/\/www.visitcampania.info\/les-itineraires\/idees-de-vacances\/"},"modified":"2025-03-19T16:52:06","modified_gmt":"2025-03-19T15:52:06","slug":"idees-de-vacances","status":"publish","type":"page","link":"https:\/\/www.visitcampania.info\/fr\/les-itineraires\/idees-de-vacances\/","title":{"rendered":"Id\u00e9es de vacances"},"content":{"rendered":"\t\t<div data-elementor-type=\"wp-page\" data-elementor-id=\"7201\" class=\"elementor elementor-7201 elementor-1729\" data-elementor-post-type=\"page\">\n\t\t\t\t\t\t<section data-dce-background-image-url=\"https:\/\/www.visitcampania.info\/wp-content\/uploads\/2022\/10\/pexels-rodnae-productions-8230971-scaled.jpg\" class=\"elementor-section elementor-top-section elementor-element elementor-element-3a4388f elementor-section-height-min-height elementor-section-boxed elementor-section-height-default elementor-section-items-middle\" data-id=\"3a4388f\" data-element_type=\"section\" data-e-type=\"section\" data-settings=\"{&quot;background_background&quot;:&quot;classic&quot;}\">\n\t\t\t\t\t\t<div class=\"elementor-container elementor-column-gap-default\">\n\t\t\t\t\t<div class=\"elementor-column elementor-col-100 elementor-top-column elementor-element elementor-element-1249515\" data-id=\"1249515\" data-element_type=\"column\" data-e-type=\"column\" data-settings=\"{&quot;background_background&quot;:&quot;classic&quot;}\">\n\t\t\t<div class=\"elementor-widget-wrap elementor-element-populated\">\n\t\t\t\t\t<div class=\"elementor-background-overlay\"><\/div>\n\t\t\t\t\t\t<div class=\"elementor-element elementor-element-8e3a9be elementor-widget elementor-widget-heading\" data-id=\"8e3a9be\" data-element_type=\"widget\" data-e-type=\"widget\" data-widget_type=\"heading.default\">\n\t\t\t\t<div class=\"elementor-widget-container\">\n\t\t\t\t\t<h1 class=\"elementor-heading-title elementor-size-default\">Id\u00e9es de vacances<\/h1>\t\t\t\t<\/div>\n\t\t\t\t<\/div>\n\t\t\t\t\t<\/div>\n\t\t<\/div>\n\t\t\t\t\t<\/div>\n\t\t<\/section>\n\t\t\t\t<section class=\"elementor-section elementor-top-section elementor-element elementor-element-e289965 elementor-section-boxed elementor-section-height-default elementor-section-height-default\" data-id=\"e289965\" data-element_type=\"section\" data-e-type=\"section\">\n\t\t\t\t\t\t<div class=\"elementor-container elementor-column-gap-default\">\n\t\t\t\t\t<div class=\"elementor-column elementor-col-100 elementor-top-column elementor-element elementor-element-4e56676\" data-id=\"4e56676\" data-element_type=\"column\" data-e-type=\"column\">\n\t\t\t<div class=\"elementor-widget-wrap elementor-element-populated\">\n\t\t\t\t\t\t<div class=\"elementor-element elementor-element-2d92e08 elementor-widget elementor-widget-breadcrumbs\" data-id=\"2d92e08\" data-element_type=\"widget\" data-e-type=\"widget\" data-widget_type=\"breadcrumbs.default\">\n\t\t\t\t<div class=\"elementor-widget-container\">\n\t\t\t\t\t<p id=\"breadcrumbs\"><span><span><a href=\"https:\/\/www.visitcampania.info\/fr\/home\/\">Home<\/a><\/span><\/span><\/p>\t\t\t\t<\/div>\n\t\t\t\t<\/div>\n\t\t\t\t\t<\/div>\n\t\t<\/div>\n\t\t\t\t\t<\/div>\n\t\t<\/section>\n\t\t\t\t<section class=\"elementor-section elementor-top-section elementor-element elementor-element-19969be elementor-section-boxed elementor-section-height-default elementor-section-height-default\" data-id=\"19969be\" data-element_type=\"section\" data-e-type=\"section\">\n\t\t\t\t\t\t<div class=\"elementor-container elementor-column-gap-default\">\n\t\t\t\t\t<div class=\"elementor-column elementor-col-100 elementor-top-column elementor-element elementor-element-859048e\" data-id=\"859048e\" data-element_type=\"column\" data-e-type=\"column\">\n\t\t\t<div class=\"elementor-widget-wrap elementor-element-populated\">\n\t\t\t\t\t\t<div class=\"elementor-element elementor-element-f147bed elementor-widget elementor-widget-text-editor\" data-id=\"f147bed\" data-element_type=\"widget\" data-e-type=\"widget\" data-widget_type=\"text-editor.default\">\n\t\t\t\t<div class=\"elementor-widget-container\">\n\t\t\t\t\t\t\t\t\t<p>Si vous envisagez de passer des vacances en Campanie, jetez un coup d\u2019\u0153il \u00e0 nos id\u00e9es de vacances. En fait, vous trouverez ici des itin\u00e9raires de plus de 3 jours qui peuvent inclure plusieurs bases. Ils peuvent \u00e9galement \u00eatre excellents pour voyager en moto ou en camping-car et vous pouvez les utiliser, avec des modifications, m\u00eame dans le cadre d\u2019itin\u00e9raires extra-r\u00e9gionaux plus larges.<\/p>\t\t\t\t\t\t\t\t<\/div>\n\t\t\t\t<\/div>\n\t\t\t\t\t<\/div>\n\t\t<\/div>\n\t\t\t\t\t<\/div>\n\t\t<\/section>\n\t\t\t\t<section class=\"elementor-section elementor-top-section elementor-element elementor-element-126f223 elementor-section-boxed elementor-section-height-default elementor-section-height-default\" data-id=\"126f223\" data-element_type=\"section\" data-e-type=\"section\">\n\t\t\t\t\t\t<div class=\"elementor-container elementor-column-gap-default\">\n\t\t\t\t\t<div class=\"elementor-column elementor-col-100 elementor-top-column elementor-element elementor-element-2358877\" data-id=\"2358877\" data-element_type=\"column\" data-e-type=\"column\">\n\t\t\t<div class=\"elementor-widget-wrap elementor-element-populated\">\n\t\t\t\t\t\t<div class=\"elementor-element elementor-element-595ef4e elementor-widget-divider--view-line elementor-widget elementor-widget-divider\" data-id=\"595ef4e\" data-element_type=\"widget\" data-e-type=\"widget\" data-widget_type=\"divider.default\">\n\t\t\t\t<div class=\"elementor-widget-container\">\n\t\t\t\t\t\t\t<div class=\"elementor-divider\">\n\t\t\t<span class=\"elementor-divider-separator\">\n\t\t\t\t\t\t<\/span>\n\t\t<\/div>\n\t\t\t\t\t\t<\/div>\n\t\t\t\t<\/div>\n\t\t\t\t\t<\/div>\n\t\t<\/div>\n\t\t\t\t\t<\/div>\n\t\t<\/section>\n\t\t\t\t<section class=\"elementor-section elementor-top-section elementor-element elementor-element-5b398bd elementor-section-boxed elementor-section-height-default elementor-section-height-default\" data-id=\"5b398bd\" data-element_type=\"section\" data-e-type=\"section\">\n\t\t\t\t\t\t<div class=\"elementor-container elementor-column-gap-default\">\n\t\t\t\t\t<div class=\"elementor-column elementor-col-50 elementor-top-column elementor-element elementor-element-9d07164\" data-id=\"9d07164\" data-element_type=\"column\" data-e-type=\"column\">\n\t\t\t<div class=\"elementor-widget-wrap elementor-element-populated\">\n\t\t\t\t\t\t<div class=\"elementor-element elementor-element-2f11466 elementor-widget elementor-widget-wp-widget-gd_map\" data-id=\"2f11466\" data-element_type=\"widget\" data-e-type=\"widget\" data-widget_type=\"wp-widget-gd_map.default\">\n\t\t\t\t<div class=\"elementor-widget-container\">\n\t\t\t\t\t<span class='geodir-wgt-map bsui sdel-1e0ceaee' ><!--START geodir-map-wrap-->\n<div class=\"geodir-map-wrap geodir-directory-map-wrap 100 100vh overflow-hidden\">\n\t<div id=\"catcher_wp_widget_gd_map\"><\/div>\n\t<!--START stick_trigger_container-->\n\t<div class=\"stick_trigger_container bsui\">\n\t\t<div class=\"trigger_sticky triggeroff_sticky mt-n5 btn btn-secondary me-n2 me-n2 c-pointer\" style=\"display: none;\">\n\t\t\t<i class=\"fas fa-map-marked-alt\"><\/i>\n\t\t\t<i class=\"fas fa-angle-right\"><\/i>\n\t\t<\/div>\n\t\t<!--end of stick trigger container-->\n\t\t<div class=\"geodir_map_container wp_widget_gd_map bsui position-relative mw-100\"\n\t\t     id=\"sticky_map_wp_widget_gd_map\"\n\t\t     style=\"width:100%;min-height:100vh;\">\n\t\t\t<!--END map_background-->\n\t\t\t<div class=\"map_background\">\n\t\t\t\t<div class=\"top_banner_section_in clearfix\">\n\t\t\t\t\t<div class=\"wp_widget_gd_map_TopLeft TopLeft position-absolute bg-white text-muted rounded-sm rounded-1 shadow-sm m-2 px-1 py-1 h5 c-pointer\" style=\"z-index: 3;\">\n\t\t\t\t\t\t<span class=\"triggermap\" id=\"wp_widget_gd_map_triggermap\">\n\t\t\t\t\t\t\t<i class=\"fas fa-expand-arrows-alt fa-fw fa-width-fixed\" aria-hidden=\"true\"><\/i>\n\t\t\t\t\t\t\t<i class=\"fas fa-compress-arrows-alt fa-fw fa-width-fixed d-none\" aria-hidden=\"true\"><\/i>\n\t\t\t\t\t\t<\/span>\n\t\t\t\t\t<\/div>\n\t\t\t\t\t<div class=\"wp_widget_gd_map_TopRight TopRight\"><\/div>\n\t\t\t\t\t<div id=\"wp_widget_gd_map_wrapper\" class=\"main_map_wrapper\" style=\"height:100vh;width:100%;\">\n\t\t\t\t\t\t<div class=\"iprelative position-relative\">\n\t\t\t\t\t\t\t<div id=\"wp_widget_gd_map\" class=\"geodir-map-canvas\" data-map-type=\"directory\" data-map-canvas=\"wp_widget_gd_map\" style=\"height:100vh;width:100%;z-index: 0;\" ><\/div>\n\t\t\t\t\t\t\t<div id=\"wp_widget_gd_map_loading_div\" class=\"loading_div overlay overlay-black position-absolute row m-0\" style=\"height:100vh;width:100%;top:0;z-index: 2;\">\n\t\t\t\t\t\t\t\t<div class=\"spinner-border mx-auto align-self-center text-white\" role=\"status\">\n\t\t\t\t\t\t\t\t\t<span class=\"visually-hidden\">Loading...<\/span>\n\t\t\t\t\t\t\t\t<\/div>\n\t\t\t\t\t\t\t<\/div>\n\t\t\t\t\t\t\t<div id=\"wp_widget_gd_map_map_nofound\"\n\t\t\t\t\t\t\t     class=\"advmap_nofound position-absolute row m-0 z-index-1\"\n\t\t\t\t\t\t\t     style=\"display:none;transform: translate(-50%, -50%);top:50%;left:50%;opacity: .85;pointer-events: none;\">\n\t\t\t\t\t\t\t\t<div class=\"alert alert-info text-center mx-auto align-self-center shadow-lg mb-0\">\n\t\t\t\t\t\t\t\t\t<div class='h3 alert-heading'>No Records Found<\/div><p> Sorry, no records were found. Please adjust your search criteria and try again.<\/p>\t\t\t\t\t\t\t\t<\/div>\n\t\t\t\t\t\t\t<\/div>\n\t\t\t\t\t\t\t<div id=\"wp_widget_gd_map_map_notloaded\"\n\t\t\t\t\t\t\t     class=\"advmap_notloaded position-absolute row m-0 z-index-1\"\n\t\t\t\t\t\t\t     style=\"display:none;transform: translate(-50%, -50%);top:50%;left:50%;opacity: .85;pointer-events: none;\">\n\t\t\t\t\t\t\t\t<div class=\"alert alert-danger text-center mx-auto align-self-center shadow-lg mb-0\">\n\t\t\t\t\t\t\t\t\t<div class='h3 alert-heading'>Maps failed to load<\/div><p> Sorry, unable to load the Maps API.<\/p>\t\t\t\t\t\t\t\t<\/div>\n\t\t\t\t\t\t\t<\/div>\n\t\t\t\t\t\t<\/div>\n\t\t\t\t\t<\/div>\n\t\t\t\t\t<div class=\"wp_widget_gd_map_BottomLeft BottomLeft\"><\/div>\n\t\t\t\t<\/div>\n\t\t\t<\/div><!--END map_background-->\n\t\t\t\t\t<\/div>\n\t\t<style>.geodir_map_container .poi-info-window .full-width{width:180px;position:relative;margin-left:inherit;left:inherit;}.geodir-map-canvas .gm-style img{max-width:none}<\/style>\n<script type=\"text\/javascript\">\nwindow.gdBaseLat = 0;\nwindow.gdBaseLng = 0;\nwindow.gdBaseZoom = 0;\njQuery(function ($) {\n\t\t\tjQuery('#wp_widget_gd_map').geodirLoadMap({\n\t\tmap_canvas: 'wp_widget_gd_map',\n\t\tcallback: function() {\t\t\tvar gdMapCanvas = 'wp_widget_gd_map';\n\t\t\tbuild_map_ajax_search_param(gdMapCanvas, false);\t\t\t\t\t\t\t\t\t\t\t\tvar screenH, heightVH, ptypeH = 0;\n\t\t\tscreenH = $(window).height();\n\t\t\theightVH = parseFloat('100');\n\t\t\tif ($(\"#\" + gdMapCanvas + \"_posttype_menu\").length) {\n\t\t\t\tptypeH = $(\"#\" + gdMapCanvas + \"_posttype_menu\").outerHeight();\n\t\t\t}\n\t\t\t$(\"#sticky_map_\" + gdMapCanvas).css(\"min-height\", screenH * (heightVH \/ 100) + 'px');\n\t\t\t$(\"#\" + gdMapCanvas + \"_wrapper\").height(screenH * (heightVH \/ 100) + 'px');\n\t\t\t$(\"#\" + gdMapCanvas).height(screenH * (heightVH \/ 100) + 'px');\n\t\t\t$(\"#\" + gdMapCanvas + \"_loading_div\").height(screenH * (heightVH \/ 100) + 'px');\n\t\t\t$(\"#\" + gdMapCanvas + \"_cat\").css(\"max-height\", (screenH * (heightVH \/ 100)) - ptypeH + 'px');\n\t\t\t\t\t\t}\n\t});});\n<\/script>\n\t\t\t<\/div><!--END stick_trigger_container-->\n<\/div><!--END geodir-map-wrap-->\n<style>body.stickymap_hide .stickymap{display:none!important}body.stickymap_hide .stick_trigger_container .fa-angle-right{transform:rotate(180deg)}body.body_fullscreen>.stick_trigger_container{width:100vw;height:100vh;position:fixed;z-index:50000}body.gd-google-maps .geodir-map-wrap .geodir-map-cat-filter-wrap{margin-bottom:14px!important}body.gd-osm-gmaps .geodir-map-wrap .geodir-map-cat-filter-wrap{margin-bottom:16.5px!important}<\/style>\n<\/span>\t\t\t\t<\/div>\n\t\t\t\t<\/div>\n\t\t\t\t<div class=\"elementor-element elementor-element-a128020 elementor-widget elementor-widget-text-editor\" data-id=\"a128020\" data-element_type=\"widget\" data-e-type=\"widget\" data-widget_type=\"text-editor.default\">\n\t\t\t\t<div class=\"elementor-widget-container\">\n\t\t\t\t\t\t\t\t\t<p>La carte montre le point de d\u00e9part des itin\u00e9raires<\/p>\t\t\t\t\t\t\t\t<\/div>\n\t\t\t\t<\/div>\n\t\t\t\t\t<\/div>\n\t\t<\/div>\n\t\t\t\t<div class=\"elementor-column elementor-col-50 elementor-top-column elementor-element elementor-element-ca15086\" data-id=\"ca15086\" data-element_type=\"column\" data-e-type=\"column\">\n\t\t\t<div class=\"elementor-widget-wrap elementor-element-populated\">\n\t\t\t\t\t\t<div class=\"elementor-element elementor-element-932895a elementor-widget elementor-widget-shortcode\" data-id=\"932895a\" data-element_type=\"widget\" data-e-type=\"widget\" data-widget_type=\"shortcode.default\">\n\t\t\t\t<div class=\"elementor-widget-container\">\n\t\t\t\t\t\t\t<div class=\"elementor-shortcode\"><div class=\"geodir-listings bsui sdel-87909ae0\" >\t\t<div id=\"geodir_69fb10f3907ce\" class=\"geodir_locations geodir_location_listing\n\t\t\t\t\t\t\t geodir-wgt-pagination geodir-wgt-pagination-bottom mb-3\t\t position-relative\">\n\t\t\t\t<div\n\t\tclass=\"row row-cols-1 row-cols-sm-2 geodir-category-list-view geodir-widget-posts geodir-gridview row-cols-md-2\">\n\t\t<div class=\"geodir-info d-block mx-1\">\n    <div class=\"alert alert-info \" role=\"alert\" ><i class=\"fas fa-info-circle\"><\/i> No listings were found matching your selection. Something missing? Why not <a href='https:\/\/www.visitcampania.info\/fr\/?page_id=11601\/places\/'>add a listing?<\/a>.<\/div><\/div>\n\t<\/div>\n\t\t<\/div>\n\t\t<\/div><\/div>\n\t\t\t\t\t\t<\/div>\n\t\t\t\t<\/div>\n\t\t\t\t\t<\/div>\n\t\t<\/div>\n\t\t\t\t\t<\/div>\n\t\t<\/section>\n\t\t\t\t<\/div>\n\t\t","protected":false},"excerpt":{"rendered":"<p>Id\u00e9es de vacances Si vous envisagez de passer des vacances en Campanie, jetez un coup d\u2019\u0153il \u00e0 nos id\u00e9es de vacances. En fait, vous trouverez ici des itin\u00e9raires de plus de 3 jours qui peuvent inclure plusieurs bases. Ils peuvent \u00e9galement \u00eatre excellents pour voyager en moto ou en camping-car et vous pouvez les utiliser, [&hellip;]<\/p>\n","protected":false},"author":1741,"featured_media":0,"parent":7200,"menu_order":0,"comment_status":"closed","ping_status":"closed","template":"","meta":{"footnotes":""},"class_list":["post-7201","page","type-page","status-publish","hentry"],"yoast_head":"<!-- This site is optimized with the Yoast SEO plugin v27.5 - https:\/\/yoast.com\/product\/yoast-seo-wordpress\/ -->\n<title>Id\u00e9es de vacances | Visitcampania<\/title>\n<meta name=\"robots\" content=\"index, follow, max-snippet:-1, max-image-preview:large, max-video-preview:-1\" \/>\n<link rel=\"canonical\" href=\"https:\/\/www.visitcampania.info\/fr\/les-itineraires\/idees-de-vacances\/\" \/>\n<meta property=\"og:locale\" content=\"fr_FR\" \/>\n<meta property=\"og:type\" content=\"article\" \/>\n<meta property=\"og:title\" content=\"Id\u00e9es de vacances | Visitcampania\" \/>\n<meta property=\"og:description\" content=\"Id\u00e9es de vacances Si vous envisagez de passer des vacances en Campanie, jetez un coup d\u2019\u0153il \u00e0 nos id\u00e9es de vacances. En fait, vous trouverez ici\" \/>\n<meta property=\"og:url\" content=\"https:\/\/www.visitcampania.info\/fr\/les-itineraires\/idees-de-vacances\/\" \/>\n<meta property=\"og:site_name\" content=\"Visitcampania\" \/>\n<meta property=\"article:publisher\" content=\"https:\/\/www.facebook.com\/Visitcampaniainfo-106072171934565\/?ref=pages_you_manage\" \/>\n<meta property=\"article:modified_time\" content=\"2025-03-19T15:52:06+00:00\" \/>\n<meta name=\"twitter:card\" content=\"summary_large_image\" \/>\n<meta name=\"twitter:site\" content=\"@visitcampania21\" \/>\n<meta name=\"twitter:label1\" content=\"Dur\u00e9e de lecture estim\u00e9e\" \/>\n\t<meta name=\"twitter:data1\" content=\"1 minute\" \/>\n<script type=\"application\/ld+json\" class=\"yoast-schema-graph\">{\"@context\":\"https:\\\/\\\/schema.org\",\"@graph\":[{\"@type\":\"WebPage\",\"@id\":\"https:\\\/\\\/www.visitcampania.info\\\/fr\\\/les-itineraires\\\/idees-de-vacances\\\/\",\"url\":\"https:\\\/\\\/www.visitcampania.info\\\/fr\\\/les-itineraires\\\/idees-de-vacances\\\/\",\"name\":\"Id\u00e9es de vacances | Visitcampania\",\"isPartOf\":{\"@id\":\"https:\\\/\\\/www.visitcampania.info\\\/#website\"},\"datePublished\":\"2023-04-27T07:57:21+00:00\",\"dateModified\":\"2025-03-19T15:52:06+00:00\",\"breadcrumb\":{\"@id\":\"https:\\\/\\\/www.visitcampania.info\\\/fr\\\/les-itineraires\\\/idees-de-vacances\\\/#breadcrumb\"},\"inLanguage\":\"fr-FR\",\"potentialAction\":[{\"@type\":\"ReadAction\",\"target\":[\"https:\\\/\\\/www.visitcampania.info\\\/fr\\\/les-itineraires\\\/idees-de-vacances\\\/\"]}]},{\"@type\":\"BreadcrumbList\",\"@id\":\"https:\\\/\\\/www.visitcampania.info\\\/fr\\\/les-itineraires\\\/idees-de-vacances\\\/#breadcrumb\",\"itemListElement\":[{\"@type\":\"ListItem\",\"position\":1,\"name\":\"Home\",\"item\":\"https:\\\/\\\/www.visitcampania.info\\\/fr\\\/home\\\/\"},{\"@type\":\"ListItem\",\"position\":2,\"name\":\"Itin\u00e9raires\",\"item\":\"https:\\\/\\\/www.visitcampania.info\\\/fr\\\/les-itineraires\\\/\"},{\"@type\":\"ListItem\",\"position\":3,\"name\":\"Id\u00e9es de vacances\"}]},{\"@type\":\"WebSite\",\"@id\":\"https:\\\/\\\/www.visitcampania.info\\\/#website\",\"url\":\"https:\\\/\\\/www.visitcampania.info\\\/\",\"name\":\"Visitcampania\",\"description\":\"Lasciati guidare\",\"publisher\":{\"@id\":\"https:\\\/\\\/www.visitcampania.info\\\/#organization\"},\"potentialAction\":[{\"@type\":\"SearchAction\",\"target\":{\"@type\":\"EntryPoint\",\"urlTemplate\":\"https:\\\/\\\/www.visitcampania.info\\\/?s={search_term_string}\"},\"query-input\":{\"@type\":\"PropertyValueSpecification\",\"valueRequired\":true,\"valueName\":\"search_term_string\"}}],\"inLanguage\":\"fr-FR\"},{\"@type\":\"Organization\",\"@id\":\"https:\\\/\\\/www.visitcampania.info\\\/#organization\",\"name\":\"visitcampania\",\"url\":\"https:\\\/\\\/www.visitcampania.info\\\/\",\"logo\":{\"@type\":\"ImageObject\",\"inLanguage\":\"fr-FR\",\"@id\":\"https:\\\/\\\/www.visitcampania.info\\\/#\\\/schema\\\/logo\\\/image\\\/\",\"url\":\"https:\\\/\\\/www.visitcampania.info\\\/wp-content\\\/uploads\\\/2022\\\/05\\\/visitcampania.info_-1.jpg\",\"contentUrl\":\"https:\\\/\\\/www.visitcampania.info\\\/wp-content\\\/uploads\\\/2022\\\/05\\\/visitcampania.info_-1.jpg\",\"width\":1618,\"height\":529,\"caption\":\"visitcampania\"},\"image\":{\"@id\":\"https:\\\/\\\/www.visitcampania.info\\\/#\\\/schema\\\/logo\\\/image\\\/\"},\"sameAs\":[\"https:\\\/\\\/www.facebook.com\\\/Visitcampaniainfo-106072171934565\\\/?ref=pages_you_manage\",\"https:\\\/\\\/x.com\\\/visitcampania21\"]}]}<\/script>\n<!-- \/ Yoast SEO plugin. -->","yoast_head_json":{"title":"Id\u00e9es de vacances | Visitcampania","robots":{"index":"index","follow":"follow","max-snippet":"max-snippet:-1","max-image-preview":"max-image-preview:large","max-video-preview":"max-video-preview:-1"},"canonical":"https:\/\/www.visitcampania.info\/fr\/les-itineraires\/idees-de-vacances\/","og_locale":"fr_FR","og_type":"article","og_title":"Id\u00e9es de vacances | Visitcampania","og_description":"Id\u00e9es de vacances Si vous envisagez de passer des vacances en Campanie, jetez un coup d\u2019\u0153il \u00e0 nos id\u00e9es de vacances. En fait, vous trouverez ici","og_url":"https:\/\/www.visitcampania.info\/fr\/les-itineraires\/idees-de-vacances\/","og_site_name":"Visitcampania","article_publisher":"https:\/\/www.facebook.com\/Visitcampaniainfo-106072171934565\/?ref=pages_you_manage","article_modified_time":"2025-03-19T15:52:06+00:00","twitter_card":"summary_large_image","twitter_site":"@visitcampania21","twitter_misc":{"Dur\u00e9e de lecture estim\u00e9e":"1 minute"},"schema":{"@context":"https:\/\/schema.org","@graph":[{"@type":"WebPage","@id":"https:\/\/www.visitcampania.info\/fr\/les-itineraires\/idees-de-vacances\/","url":"https:\/\/www.visitcampania.info\/fr\/les-itineraires\/idees-de-vacances\/","name":"Id\u00e9es de vacances | Visitcampania","isPartOf":{"@id":"https:\/\/www.visitcampania.info\/#website"},"datePublished":"2023-04-27T07:57:21+00:00","dateModified":"2025-03-19T15:52:06+00:00","breadcrumb":{"@id":"https:\/\/www.visitcampania.info\/fr\/les-itineraires\/idees-de-vacances\/#breadcrumb"},"inLanguage":"fr-FR","potentialAction":[{"@type":"ReadAction","target":["https:\/\/www.visitcampania.info\/fr\/les-itineraires\/idees-de-vacances\/"]}]},{"@type":"BreadcrumbList","@id":"https:\/\/www.visitcampania.info\/fr\/les-itineraires\/idees-de-vacances\/#breadcrumb","itemListElement":[{"@type":"ListItem","position":1,"name":"Home","item":"https:\/\/www.visitcampania.info\/fr\/home\/"},{"@type":"ListItem","position":2,"name":"Itin\u00e9raires","item":"https:\/\/www.visitcampania.info\/fr\/les-itineraires\/"},{"@type":"ListItem","position":3,"name":"Id\u00e9es de vacances"}]},{"@type":"WebSite","@id":"https:\/\/www.visitcampania.info\/#website","url":"https:\/\/www.visitcampania.info\/","name":"Visitcampania","description":"Lasciati guidare","publisher":{"@id":"https:\/\/www.visitcampania.info\/#organization"},"potentialAction":[{"@type":"SearchAction","target":{"@type":"EntryPoint","urlTemplate":"https:\/\/www.visitcampania.info\/?s={search_term_string}"},"query-input":{"@type":"PropertyValueSpecification","valueRequired":true,"valueName":"search_term_string"}}],"inLanguage":"fr-FR"},{"@type":"Organization","@id":"https:\/\/www.visitcampania.info\/#organization","name":"visitcampania","url":"https:\/\/www.visitcampania.info\/","logo":{"@type":"ImageObject","inLanguage":"fr-FR","@id":"https:\/\/www.visitcampania.info\/#\/schema\/logo\/image\/","url":"https:\/\/www.visitcampania.info\/wp-content\/uploads\/2022\/05\/visitcampania.info_-1.jpg","contentUrl":"https:\/\/www.visitcampania.info\/wp-content\/uploads\/2022\/05\/visitcampania.info_-1.jpg","width":1618,"height":529,"caption":"visitcampania"},"image":{"@id":"https:\/\/www.visitcampania.info\/#\/schema\/logo\/image\/"},"sameAs":["https:\/\/www.facebook.com\/Visitcampaniainfo-106072171934565\/?ref=pages_you_manage","https:\/\/x.com\/visitcampania21"]}]}},"_links":{"self":[{"href":"https:\/\/www.visitcampania.info\/fr\/wp-json\/wp\/v2\/pages\/7201","targetHints":{"allow":["GET"]}}],"collection":[{"href":"https:\/\/www.visitcampania.info\/fr\/wp-json\/wp\/v2\/pages"}],"about":[{"href":"https:\/\/www.visitcampania.info\/fr\/wp-json\/wp\/v2\/types\/page"}],"author":[{"embeddable":true,"href":"https:\/\/www.visitcampania.info\/fr\/wp-json\/wp\/v2\/users\/1741"}],"replies":[{"embeddable":true,"href":"https:\/\/www.visitcampania.info\/fr\/wp-json\/wp\/v2\/comments?post=7201"}],"version-history":[{"count":0,"href":"https:\/\/www.visitcampania.info\/fr\/wp-json\/wp\/v2\/pages\/7201\/revisions"}],"up":[{"embeddable":true,"href":"https:\/\/www.visitcampania.info\/fr\/wp-json\/wp\/v2\/pages\/7200"}],"wp:attachment":[{"href":"https:\/\/www.visitcampania.info\/fr\/wp-json\/wp\/v2\/media?parent=7201"}],"curies":[{"name":"wp","href":"https:\/\/api.w.org\/{rel}","templated":true}]}}